{"id":2170,"date":"2016-08-17T08:26:39","date_gmt":"2016-08-17T08:26:39","guid":{"rendered":"http:\/\/www.centrespal.com\/es\/metode-detox\/"},"modified":"2017-03-07T13:35:47","modified_gmt":"2017-03-07T11:35:47","slug":"metodo-detox","status":"publish","type":"page","link":"https:\/\/www.centrespal.com\/es\/metodo-detox\/","title":{"rendered":"El M\u00e9todo Detox"},"content":{"rendered":"<div class=\"wpb-content-wrapper\"><p>[vc_row align=\u00bbtext-center\u00bb full_width=\u00bb0&#8243; full_height=\u00bb0&#8243; sep_bottom=\u00bbseparator_bottom sep_angled_positive_bottom\u00bb particles=\u00bb0&#8243; css=\u00bb.vc_custom_1457517780479{padding-top: 96px !important;padding-bottom: 96px !important;}\u00bb][vc_column][vc_row_inner][vc_column_inner width=\u00bb1\/3&#8243;][vc_single_image image=\u00bb694&#8243; img_size=\u00bbfull\u00bb css_animation=\u00bbleft-to-right\u00bb][\/vc_column_inner][vc_column_inner width=\u00bb2\/3&#8243; align=\u00bbtext-left\u00bb][vc_column_text css_animation=\u00bbright-to-left\u00bb]<\/p>\n<p style=\"text-align: left;\">Consiste a determinar qu\u00e9 <strong>desequilibrios presenta la persona y sus niveles de toxinas.<\/strong> Esto se hace a partir de la experiencia del terapeuta, la observaci\u00f3n y t\u00e9cnicas de \u00faltima generaci\u00f3n para la detecci\u00f3n basadas en la medicina cu\u00e1ntica y bioenerg\u00e9tica.<\/p>\n<p>La medicina alop\u00e1tica (tradicional) s\u00f3lo se fija en los s\u00edntomas, no en las causas profundas. Mediante el <strong>diagn\u00f3stico bioenergetico<\/strong> se contempla a la persona en su <strong>conjunto<\/strong>, y se dedica a la busca del verdadero origen de las enfermedades, que en ocasiones no est\u00e1 en un desequilibrio f\u00edsico, sino en un fuerte impacto emocional.<\/p>\n<p><strong>Diagn\u00f3stico Bioenergetico<\/strong><\/p>\n<ul>\n<li>Valora a los pacientes desde una perspectiva integral, teniendo en cuenta no tan s\u00f3lo su estado f\u00edsico, si no tambi\u00e9n mental y emocional.<\/li>\n<li>Respeta la naturaleza del cuerpo humano, as\u00ed como su poder autocuratiu, muchas veces despreciat o desconocido por la medicina occidental.<\/li>\n<\/ul>\n<p><strong>Determinar el nivel de toxinas<\/strong><\/p>\n<ul>\n<li>Observaci\u00f3n de la lengua y los ojos.<\/li>\n<li>Nivel de pH mediante un an\u00e1lisis de orina.<\/li>\n<li>Observar el actitut y la estructura f\u00edsica de la persona.<\/li>\n<\/ul>\n<p><strong>Uso de prebioticos<\/strong><\/p>\n<p>Antes de pasar a la segunda fase del m\u00e9todo detox, se recomienda el uso de alimentos prebioticos para mejorar la flora intestinal y fortalecer el sistema digestivo.<\/p>\n<p>[\/vc_column_text][\/vc_column_inner][\/vc_row_inner][vc_empty_space][vc_row_inner][vc_column_inner width=\u00bb1\/3&#8243;][vc_single_image image=\u00bb695&#8243; img_size=\u00bbfull\u00bb css_animation=\u00bbleft-to-right\u00bb][\/vc_column_inner][vc_column_inner width=\u00bb2\/3&#8243; align=\u00bbtext-left\u00bb][vc_column_text css_animation=\u00bbright-to-left\u00bb]El intestino es el <strong>\u00f3rgano m\u00e1s importante para la nutrici\u00f3n<\/strong> del ser humano. Gracias a \u00e9l <strong>asimilamos los nutrientes<\/strong>, que llegan a las c\u00e9lulas a trav\u00e9s de la sangre, y eliminamos las sustancias sobrantes, incluidos los t\u00f3xicos que ingerimos junto con los alimentos y que son perjudiciales para el organismo.<\/p>\n<p>A lo largo de esta fase se aplican diferentes recursos en funci\u00f3n del caso, pero sobre todo dos: <strong>la alimentaci\u00f3n y la hidroterapia de colon.<\/strong> Durante esta fase se busca una <strong>alcalinizaci\u00f3n del cuerpo<\/strong> para favorecer la autocuraci\u00f3n del organismo.<\/p>\n<p><strong>Beneficios de la hidroterapia de colon<\/strong><\/p>\n<ul>\n<li>Desintoxica, oxigena y restaura todo nuestro organismo.<\/li>\n<li>Elimina par\u00e1sitos y hongos.<\/li>\n<li>Favorece el funcionamiento de los principales \u00f3rganos del cuerpo.<\/li>\n<li>Refuerza el sistema inmunitario.<\/li>\n<li>Mejora el tr\u00e1nsito intestinal.<\/li>\n<li>Elimina el abultamiento del vientre.<\/li>\n<li>Mejora la salud de la piel.<\/li>\n<li>Previene el c\u00e1ncer de colon.<\/li>\n<li>Mejora la aportaci\u00f3n de calcio a los huesos y articulaciones.<\/li>\n<li>Contribuye a mejorar el estado de \u00e1nimo y la calidad del sue\u00f1o.<\/li>\n<\/ul>\n<p><strong>Utilizando las arcillas para la desintoxicaci\u00f3n<\/strong><\/p>\n<p>La hidroterapia de colon se complementa con el uso de las arcillas para estimular a nivel t\u00f3pico la desintoxicaci\u00f3n del organismo. La arcilla es el material m\u00e1s utilizado en geoterapia por sus efectos absorbentes, y sus propiedades antiacidas y cicatrizantes.[\/vc_column_text][\/vc_column_inner][\/vc_row_inner][vc_empty_space][vc_row_inner][vc_column_inner width=\u00bb1\/3&#8243;][vc_single_image image=\u00bb693&#8243; img_size=\u00bbfull\u00bb css_animation=\u00bbleft-to-right\u00bb][\/vc_column_inner][vc_column_inner width=\u00bb2\/3&#8243; align=\u00bbtext-left\u00bb][vc_column_text css_animation=\u00bbright-to-left\u00bb]Durante esta etapa ayudamos al cuerpo a <strong>regenerarse<\/strong>. Despu\u00e9s de realizar la <strong>hidroter\u00e0pia de colon<\/strong>, hay que ayudar el organismo a repoblar <strong>la flora intestinal<\/strong> mediante\u00a0el uso de <strong>probioticos y suplementos vitaminicos<\/strong> (manganeso, vitamina B6 y zinc).<\/p>\n<p><strong>La flora intestinal<\/strong><\/p>\n<p>La composici\u00f3n y el\u00a0equlibrio de la poblaci\u00f3n bacteriana de nuestro intestino es\u00a0fundamental no tan s\u00f3lo por una <strong>buena digesti\u00f3n<\/strong>, si no tambi\u00e9n por nuestro <strong>equilibrio emocional<\/strong>. El aparato digestivo, y concretamente el intestino constituyen el que se entiende como segundo cerebro, por lo cual es importante mantener un equilibrio de bacterias que condicionan la manera de sentir, pensar y actuar del individuo.<\/p>\n<p><strong>Algunos beneficios de los probioticos<\/strong><\/p>\n<ul>\n<li>Reducen la fijaci\u00f3n de bacterias pat\u00f3genas a la mucosa intestinal, contribuyendo a crear un equilibrio saludable entre las bacterias beneficiosas y perjudiciales.<\/li>\n<li>Mejoran o solucionan problemas instestinales como la diarrea, el estrechamiento, el colon irritable y otros trastornos intestinales, tanto en adultos como ni\u00f1os.<\/li>\n<li>Favorecen la actividad de los mecanismos inmunitarios de la mucosa intestinal y mejoran el funcionamiento del sistema inmunitario en general.<\/li>\n<\/ul>\n<p><strong>Terapia Ortomol\u00b7lecular<\/strong><\/p>\n<p>Utilizar sustancias que existen en el cuerpo humano para restituir el<strong> equilibrio nutricional del cuerpo humano<\/strong>, imprescindible por el equilibrio corporal, la salud y la prevenci\u00f3n de nuevas enfermedades.<\/p>\n<p><strong>Una dieta personalizada<\/strong><\/p>\n<p>En la mayor\u00eda de casos, la alimentaci\u00f3n de los pacientes no es la m\u00e1s recomendable, por lo cual se ofrece la posibilidad de dise\u00f1ar una dieta personalizada y adaptada a las necesidades de cada cual.[\/vc_column_text][\/vc_column_inner][\/vc_row_inner][vc_empty_space][\/vc_column][\/vc_row][vc_row color_set=\u00bbsecondary_section\u00bb full_width=\u00bb0&#8243; full_height=\u00bb0&#8243; particles=\u00bb1&#8243;][vc_column]<div class=\"section_header subtitle_bottom   fancy text-center\">\n\n    <h2>Mejora la salud con el M\u00e9todo Detox!<\/h2>\n\n\n        <p >Tienes dudas o quieres pedir cita? \u00a1Rellena el formulario!<\/p>\n<\/div>[\/vc_column][vc_column width=\u00bb2\/3&#8243; align=\u00bbtext-center\u00bb color_set=\u00bbsecondary_section\u00bb transparent_overlay=\u00bbtransparent_film\u00bb boxed=\u00bbboxed_plus\u00bb offset=\u00bbvc_col-sm-offset-2&#8243;]\n<div class=\"wpcf7 no-js\" id=\"wpcf7-f2562-o1\" lang=\"en-US\" dir=\"ltr\" data-wpcf7-id=\"2562\">\n<div class=\"screen-reader-response\"><p role=\"status\" aria-live=\"polite\" aria-atomic=\"true\"><\/p> <ul><\/ul><\/div>\n<form action=\"\/es\/wp-json\/wp\/v2\/pages\/2170#wpcf7-f2562-o1\" method=\"post\" class=\"wpcf7-form init\" aria-label=\"Contact form\" novalidate=\"novalidate\" data-status=\"init\">\n<fieldset class=\"hidden-fields-container\"><input type=\"hidden\" name=\"_wpcf7\" value=\"2562\" \/><input type=\"hidden\" name=\"_wpcf7_version\" value=\"6.1.4\" \/><input type=\"hidden\" name=\"_wpcf7_locale\" value=\"en_US\" \/><input type=\"hidden\" name=\"_wpcf7_unit_tag\" value=\"wpcf7-f2562-o1\" \/><input type=\"hidden\" name=\"_wpcf7_container_post\" value=\"0\" \/><input type=\"hidden\" name=\"_wpcf7_posted_data_hash\" value=\"\" \/><input type=\"hidden\" name=\"_wpcf7_recaptcha_response\" value=\"\" \/>\n<\/fieldset>\n<div class=\"row\">\n\t<div class=\"col-sm-12\">\n\t\t<p><span class=\"wpcf7-form-control-wrap\" data-name=\"nombre\"><input size=\"40\" maxlength=\"400\" class=\"wpcf7-form-control wpcf7-form-control form-control wpcf7-validates-as-required name\" aria-required=\"true\" aria-invalid=\"false\" placeholder=\"Nombre y Apellidos\" value=\"\" type=\"text\" name=\"nombre\" \/><\/span>\n\t\t<\/p>\n\t<\/div>\n\t<div class=\"col-sm-6\">\n\t\t<p><span class=\"wpcf7-form-control-wrap\" data-name=\"birthdate\"><input size=\"40\" maxlength=\"400\" class=\"wpcf7-form-control wpcf7-form-control form-control name\" aria-invalid=\"false\" placeholder=\"Fecha de Nacimiento\" value=\"\" type=\"text\" name=\"birthdate\" \/><\/span>\n\t\t<\/p>\n\t<\/div>\n\t<div class=\"col-sm-6\">\n\t\t<p><span class=\"wpcf7-form-control-wrap\" data-name=\"sex\"><select class=\"wpcf7-form-control wpcf7-select sex\" aria-invalid=\"false\" name=\"sex\"><option value=\"Sexo\">Sexo<\/option><option value=\"Dona\">Dona<\/option><option value=\"Home\">Home<\/option><\/select><\/span>\n\t\t<\/p>\n\t<\/div>\n\t<div class=\"col-sm-12\">\n\t\t<p><span class=\"wpcf7-form-control-wrap\" data-name=\"telephone\"><input size=\"40\" maxlength=\"400\" class=\"wpcf7-form-control wpcf7-form-control form-control wpcf7-validates-as-required name\" aria-required=\"true\" aria-invalid=\"false\" placeholder=\"Tel\u00e9fono\" value=\"\" type=\"text\" name=\"telephone\" \/><\/span>\n\t\t<\/p>\n\t<\/div>\n\t<div class=\"col-sm-12\">\n\t\t<p><span class=\"wpcf7-form-control-wrap\" data-name=\"email\"><input size=\"40\" maxlength=\"400\" class=\"wpcf7-form-control wpcf7-form-control form-control wpcf7-validates-as-required wpcf7-form-control form-control wpcf7-validates-as-email email\" aria-required=\"true\" aria-invalid=\"false\" placeholder=\"E-mail\" value=\"\" type=\"email\" name=\"email\" \/><\/span>\n\t\t<\/p>\n\t<\/div>\n\t<div class=\"col-sm-12\">\n\t\t<p><span class=\"wpcf7-form-control-wrap\" data-name=\"message\"><textarea cols=\"40\" rows=\"4\" maxlength=\"2000\" class=\"wpcf7-form-control wpcf7-form-control wpcf7-form-control form-control message\" aria-invalid=\"false\" placeholder=\"Comentarios\" name=\"message\"><\/textarea><\/span>\n\t\t<\/p>\n\t<\/div>\n\t<div class=\"col-sm-12\">\n\t\t<p><span class=\"wpcf7-form-control-wrap\" data-name=\"your-consent\"><span class=\"wpcf7-form-control wpcf7-acceptance\"><span class=\"wpcf7-list-item\"><label><input type=\"checkbox\" name=\"your-consent\" value=\"1\" aria-invalid=\"false\" \/><span class=\"wpcf7-list-item-label\">He le\u00eddo y acepto la <a href=\"\/politica-de-privacidad\">pol\u00edtica de privacidad<\/a>.<\/span><\/label><\/span><\/span><\/span>\n\t\t<\/p>\n\t<\/div>\n\t<div class=\"col-sm-12\">\n\t\t<p><input class=\"wpcf7-form-control wpcf7-submit btn btn-primary has-spinner\" type=\"submit\" value=\"Enviar\" \/>\n\t\t<\/p>\n\t<\/div>\n<\/div><div class=\"wpcf7-response-output\" aria-hidden=\"true\"><\/div>\n<\/form>\n<\/div>\n[\/vc_column][\/vc_row]<\/p>\n<\/div>","protected":false},"excerpt":{"rendered":"<p>[vc_row align=\u00bbtext-center\u00bb full_width=\u00bb0&#8243; full_height=\u00bb0&#8243; sep_bottom=\u00bbseparator_bottom sep_angled_positive_bottom\u00bb particles=\u00bb0&#8243; css=\u00bb.vc_custom_1457517780479{padding-top: 96px !important;padding-bottom: 96px !important;}\u00bb][vc_column][vc_row_inner][vc_column_inner width=\u00bb1\/3&#8243;][vc_single_image image=\u00bb694&#8243; img_size=\u00bbfull\u00bb css_animation=\u00bbleft-to-right\u00bb][\/vc_column_inner][vc_column_inner width=\u00bb2\/3&#8243; align=\u00bbtext-left\u00bb][vc_column_text css_animation=\u00bbright-to-left\u00bb] Consiste a determinar qu\u00e9 desequilibrios presenta la persona y sus niveles de toxinas. Esto se hace a partir de la experiencia del terapeuta, la observaci\u00f3n y t\u00e9cnicas de \u00faltima generaci\u00f3n para la detecci\u00f3n basadas en la [&hellip;]<\/p>\n","protected":false},"author":8,"featured_media":1033,"parent":0,"menu_order":0,"comment_status":"closed","ping_status":"closed","template":"","meta":{"footnotes":""},"class_list":["post-2170","page","type-page","status-publish","has-post-thumbnail","hentry"],"_links":{"self":[{"href":"https:\/\/www.centrespal.com\/es\/wp-json\/wp\/v2\/pages\/2170","targetHints":{"allow":["GET"]}}],"collection":[{"href":"https:\/\/www.centrespal.com\/es\/wp-json\/wp\/v2\/pages"}],"about":[{"href":"https:\/\/www.centrespal.com\/es\/wp-json\/wp\/v2\/types\/page"}],"author":[{"embeddable":true,"href":"https:\/\/www.centrespal.com\/es\/wp-json\/wp\/v2\/users\/8"}],"replies":[{"embeddable":true,"href":"https:\/\/www.centrespal.com\/es\/wp-json\/wp\/v2\/comments?post=2170"}],"version-history":[{"count":4,"href":"https:\/\/www.centrespal.com\/es\/wp-json\/wp\/v2\/pages\/2170\/revisions"}],"predecessor-version":[{"id":2808,"href":"https:\/\/www.centrespal.com\/es\/wp-json\/wp\/v2\/pages\/2170\/revisions\/2808"}],"wp:featuredmedia":[{"embeddable":true,"href":"https:\/\/www.centrespal.com\/es\/wp-json\/wp\/v2\/media\/1033"}],"wp:attachment":[{"href":"https:\/\/www.centrespal.com\/es\/wp-json\/wp\/v2\/media?parent=2170"}],"curies":[{"name":"wp","href":"https:\/\/api.w.org\/{rel}","templated":true}]}}