{"id":2174,"date":"2016-08-16T08:53:40","date_gmt":"2016-08-16T08:53:40","guid":{"rendered":"http:\/\/www.centrespal.com\/es\/el-sentimiento-del-intestino\/"},"modified":"2017-03-07T15:23:32","modified_gmt":"2017-03-07T13:23:32","slug":"el-sentimiento-del-intestino","status":"publish","type":"page","link":"https:\/\/www.centrespal.com\/es\/el-sentimiento-del-intestino\/","title":{"rendered":"El Sentimiento del intestino"},"content":{"rendered":"<div class=\"wpb-content-wrapper\"><p>[vc_row full_width=\u00bb0&#8243; full_height=\u00bb0&#8243; particles=\u00bb0&#8243; css=\u00bb.vc_custom_1457512674147{padding-bottom: 96px !important;}\u00bb][vc_column][vc_empty_space height=\u00bb24px\u00bb][\/vc_column][vc_column width=\u00bb1\/2&#8243;][vc_column_text]<\/p>\n<h2>El m\u00e9todo de desintoxicaci\u00f3n m\u00e1s efectivo para el bienestar corporal y emocional<\/h2>\n<p>Estamos expuestos a multitud de sustancias t\u00f3xicas que afectan muy directamente a nuestro intestino, que trabaja a destajo para procesar todo el que ingerimos y tambi\u00e9n el que nos afecta emocionalmente.<\/p>\n<p>Es por eso que muy a menudo reacciona de forma adversa para llamar nuestra atenci\u00f3n. Tan simple c\u00f3mo esto. Pero, qu\u00e9 es el que tenemos que hacer?<\/p>\n<p>En primer lugar, descubrir como funciona un \u00f3rgano del que en general apenas sabemos nada y, en segundo lugar, aplicar un simple cambio de h\u00e1bitos que puede ayudarnos a superar con \u00e9xito multitud de enfermedades, dolencias y molestias.[\/vc_column_text][vc_column_text]<\/p>\n<h2>Testimonio del libro: Anna Casals<\/h2>\n<p><em>\u00abMe encontraron hace un tiempo un quiste en el ovario izquierdo y me dijeron que ten\u00eda que operarme. Leonor y su equipo me dijeron que se pod\u00eda extraer de forma natural, y as\u00ed ha sido: gracias a la bioenerg\u00e9tica, las t\u00e9cnicas de relajaci\u00f3n, el trabajo cono las emocionas y la aplicaci\u00f3n de terapias naturales indoloras, como las arcillas y la hidroterapia de colono, he podido desintoxicar, depurar y limpiar m\u00ed cuerpo y m\u00ed mente.\u00bb<\/em>[\/vc_column_text][\/vc_column][vc_column width=\u00bb1\/2&#8243;][vc_single_image image=\u00bb658&#8243; img_size=\u00bb470&#215;666&#8243;][\/vc_column][\/vc_row][vc_row color_set=\u00bbsecondary_section\u00bb full_width=\u00bb0&#8243; full_height=\u00bb0&#8243; sep_bottom=\u00bbseparator_bottom sep_angled_positive_bottom\u00bb particles=\u00bb0&#8243; css=\u00bb.vc_custom_1457511086992{padding-top: 96px !important;padding-bottom: 64px !important;}\u00bb][vc_column width=\u00bb2\/3&#8243; offset=\u00bbvc_col-sm-offset-2&#8243;][vc_column_text]<\/p>\n<h3 style=\"text-align: center;\">\u00abParte de la curaci\u00f3n est\u00e1 en la voluntad de sanar\u00bb<\/h3>\n<h3 style=\"text-align: center;\">S\u00e9neca<\/h3>\n<p>[\/vc_column_text][\/vc_column][\/vc_row][vc_row color_set=\u00bbblack_section\u00bb full_width=\u00bb1&#8243; full_height=\u00bb0&#8243; background=\u00bbbgimage\u00bb bgimage=\u00bb879&#8243; parallax=\u00bb1&#8243;][vc_column]<div class=\"section_header subtitle_bottom   fancy text-center\">\n\n    <h2 style=\"text-align: center;\">Quieres\u00a0transformar tu\u00a0cuerpo\u00a0y aprender<\/h2>\n<h2 style=\"text-align: center;\">a gestionar tus\u00a0emociones?<\/h2>\n\n\n        <p >Llama al 93 754 02 22 y te acompa\u00f1aremos en el proceso de cambio<\/p>\n<\/div><div class=\"plethora_button wpb_content_element   text-center \">\n    <a href=\"http:\/\/www.centrespal.com\/connect\/\" debug class=\" btn btn-primary with-icon icon-left\" title=\"\"  target=\"_self\">\n\n         <i class=\"fa fa-check\"><\/i> \n        Pide cita!\n        \n\n    <\/a>\n<\/div>[\/vc_column][\/vc_row]<\/p>\n<\/div>","protected":false},"excerpt":{"rendered":"<p>[vc_row full_width=\u00bb0&#8243; full_height=\u00bb0&#8243; particles=\u00bb0&#8243; css=\u00bb.vc_custom_1457512674147{padding-bottom: 96px !important;}\u00bb][vc_column][vc_empty_space height=\u00bb24px\u00bb][\/vc_column][vc_column width=\u00bb1\/2&#8243;][vc_column_text] El m\u00e9todo de desintoxicaci\u00f3n m\u00e1s efectivo para el bienestar corporal y emocional Estamos expuestos a multitud de sustancias t\u00f3xicas que afectan muy directamente a nuestro intestino, que trabaja a destajo para procesar todo el que ingerimos y tambi\u00e9n el que nos afecta emocionalmente. Es por eso [&hellip;]<\/p>\n","protected":false},"author":8,"featured_media":0,"parent":0,"menu_order":0,"comment_status":"closed","ping_status":"closed","template":"","meta":{"footnotes":""},"class_list":["post-2174","page","type-page","status-publish","hentry"],"_links":{"self":[{"href":"https:\/\/www.centrespal.com\/es\/wp-json\/wp\/v2\/pages\/2174","targetHints":{"allow":["GET"]}}],"collection":[{"href":"https:\/\/www.centrespal.com\/es\/wp-json\/wp\/v2\/pages"}],"about":[{"href":"https:\/\/www.centrespal.com\/es\/wp-json\/wp\/v2\/types\/page"}],"author":[{"embeddable":true,"href":"https:\/\/www.centrespal.com\/es\/wp-json\/wp\/v2\/users\/8"}],"replies":[{"embeddable":true,"href":"https:\/\/www.centrespal.com\/es\/wp-json\/wp\/v2\/comments?post=2174"}],"version-history":[{"count":5,"href":"https:\/\/www.centrespal.com\/es\/wp-json\/wp\/v2\/pages\/2174\/revisions"}],"predecessor-version":[{"id":2816,"href":"https:\/\/www.centrespal.com\/es\/wp-json\/wp\/v2\/pages\/2174\/revisions\/2816"}],"wp:attachment":[{"href":"https:\/\/www.centrespal.com\/es\/wp-json\/wp\/v2\/media?parent=2174"}],"curies":[{"name":"wp","href":"https:\/\/api.w.org\/{rel}","templated":true}]}}