{"id":2194,"date":"2016-08-09T11:19:22","date_gmt":"2016-08-09T09:19:22","guid":{"rendered":"http:\/\/www.centrespal.com\/es\/hidroterapia-de-colon\/"},"modified":"2022-03-09T12:23:25","modified_gmt":"2022-03-09T10:23:25","slug":"hidroterapia-de-colon","status":"publish","type":"page","link":"https:\/\/www.centrespal.com\/es\/hidroterapia-de-colon\/","title":{"rendered":"Hidroterapia de colon con agua de mar"},"content":{"rendered":"<div class=\"wpb-content-wrapper\"><p>[vc_row full_width=\u00bb0&#8243; full_height=\u00bb0&#8243; particles=\u00bb0&#8243; css=\u00bb.vc_custom_1457512674147{padding-bottom: 96px !important;}\u00bb][vc_column][vc_empty_space height=\u00bb14px\u00bb][\/vc_column][vc_column width=\u00bb1\/2&#8243;][vc_column_text]La <strong>hidroterapia de colon<\/strong> es un tratamiento de salud, higi\u00e9nico, indoloro, inodoro y altamente efectivo, que consiste en un lavado profundo del intestino gordo mediante la irrigaci\u00f3n de agua filtrada y purificada con agua de mar.<\/p>\n<p>La terapia de hidroter\u00e0pia de colon va acompa\u00f1ada de un masaje intestinal de una <strong>duraci\u00f3n aproximada de 45 minutos<\/strong>, consiguiendo la depuraci\u00f3n de una de las zonas del organismo que acumula m\u00e1s residuos, eliminando los restos m\u00e1s antiguos adheridas a las paredes y pliegues del colon.<\/p>\n<p>Con la hidroterapia de colon, se consigue <strong>mejorar el sistema inmunitario<\/strong> favoreciendo la normal oxigenaci\u00f3n de las c\u00e9lulas y la absorci\u00f3n de los nutrientes, manteniendo equilibrado el organismo.<\/p>\n<p>El <strong>colon<\/strong> es la parte final del intestino, medida entre metro y medio y dos metros, tiene muchos pliegues y a su pared unas cintas musculares que al contraerse hacen avanzar el contenido al exterior. Su funci\u00f3n es <strong>eliminar los restos de alimentos que el cuerpo no necesita<\/strong> <strong>para nutrirse<\/strong> (incluyente restos t\u00f3xicos: de alcohol, restos de medicamento, etc.) Estos <strong>residuos son fermentados por parte de la flora intestinal<\/strong>, produciendo gases y toxinas y cuando estas toxinas se mantienen en contacto con el colon durante cierto tiempo, son reabsorbidas y pasan al organismo provocando da\u00f1os al organismo.<\/p>\n<p>[\/vc_column_text][vc_row_inner][vc_column_inner width=\u00bb1\/2&#8243;][vc_column_text]<\/p>\n<h2>Beneficios del hidroter\u00e0pia de colon<\/h2>\n<p><strong>Prevenci\u00f3n<\/strong><\/p>\n<ul>\n<li>Reduce las posibilidades de aparici\u00f3n de des\u00f3rdenes y enfermedades.<\/li>\n<\/ul>\n<p><strong>Curaci\u00f3n y Mejora de enfermedades y transtornos<\/strong><\/p>\n<ul>\n<li>Trastornos alimentarios, alergias, c\u00e1ncer, fibromi\u00e0lgia, candidiasis, estre\u00f1imiento, diarreas, artorosis, par\u00e1sitos, etc.<\/li>\n<li>Enfermetats cr\u00f2nico-degenerativas de la mucosa intestinal: colon irritable, colitis ulcerosa, enfermetat de Crohn, etc.<\/li>\n<li>Afecciones de la piel: dermatitis at\u00f2pica, eczemes, psoriasis, etc.<\/li>\n<\/ul>\n<p><strong>Purificaci\u00f3n y Mantenimiento de nuestro cuerpo<\/strong><\/p>\n<ul>\n<li>Hidrataci\u00f3n y elasticidad de la piel. Relajaci\u00f3n. Como t\u00e9cnica antiaging y anti-stress gracias a la regeneraci\u00f3n de las c\u00e9lulas.<\/li>\n<li>Adelgazarse. Conseguir un vientre plano. Reducir la cel\u00b7lulitis. Gracias a su poder drenando y de desintoxicaci\u00f3n.<\/li>\n<\/ul>\n<p>&nbsp;<\/p>\n<p><strong>Favorecer operaciones y pruebas de diagn\u00f3stico<\/strong><\/p>\n<ul>\n<li>La hidroterapia de colon es id\u00f3nea en caso de intervenci\u00f3n quir\u00fargica, facilitando la tarea de los m\u00e9dicos.<\/li>\n<li>Aumenta la efectividad de las pruebas de diagn\u00f3stico como la colonosc\u00f2pia, entre otros<\/li>\n<\/ul>\n<p>[\/vc_column_text][\/vc_column_inner][vc_column_inner width=\u00bb1\/2&#8243;][vc_column_text]<strong>Refuerza el sistema inmunitario.<\/strong><\/p>\n<ul>\n<li>Aumenta el transporte de ox\u00edgeno a las c\u00e9lulas mejorando la circulaci\u00f3n sangu\u00ednea.<\/li>\n<li>Ayuda a mejorar problemas a la piel como la psoriasi.<\/li>\n<li>Reduce directamente las toxinas acumuladas.<\/li>\n<li>Favorece la absorci\u00f3n de los nutrientes.<\/li>\n<li>Equilibra el organismo.<\/li>\n<\/ul>\n<h2>S\u00edntomas que nos avisan de un colon intoxicado<\/h2>\n<ul>\n<li>Sobrepeso<\/li>\n<li>Lengua seca<\/li>\n<li>Cansancio<\/li>\n<li>Alergias<\/li>\n<li>Indigesti\u00f3n<\/li>\n<li>Migra\u00f1as<\/li>\n<li>Nervios<\/li>\n<li>Depresi\u00f3n<\/li>\n<li>Problemas de piel<\/li>\n<li>Dolors lumbares y articulars<\/li>\n<li>Varius<\/li>\n<li>Tensi\u00f3n alta<\/li>\n<li>U\u00f1as y cabellos d\u00e9biles<\/li>\n<\/ul>\n<p>[\/vc_column_text][\/vc_column_inner][\/vc_row_inner][\/vc_column][vc_column width=\u00bb1\/2&#8243;]<div class=\"pl_fixed_ratio_media  \">\n    <div class=\"stretchy_wrapper ratio_16-9   bg_vtop\" style=\"background-image: url('https:\/\/www.centrespal.com\/wp-content\/uploads\/4.jpg');\">\n      <img decoding=\"async\" alt=\"\" src=\"https:\/\/www.centrespal.com\/wp-content\/uploads\/4.jpg\">\n    <\/div>\n\n<\/div>[vc_empty_space]<div class=\"section_header subtitle_bottom   fancy text-center\">\n\n    <h3>Tienes dudas o preguntas sobre la hidroterapia de colon? Escr\u00edbenos y nos pondremos en\u00a0contacto contigo<\/h3>\n\n\n        <p ><\/p>\n<\/div>\n<div class=\"wpcf7 no-js\" id=\"wpcf7-f2562-o1\" lang=\"en-US\" dir=\"ltr\" data-wpcf7-id=\"2562\">\n<div class=\"screen-reader-response\"><p role=\"status\" aria-live=\"polite\" aria-atomic=\"true\"><\/p> <ul><\/ul><\/div>\n<form action=\"\/es\/wp-json\/wp\/v2\/pages\/2194#wpcf7-f2562-o1\" method=\"post\" class=\"wpcf7-form init\" aria-label=\"Contact form\" novalidate=\"novalidate\" data-status=\"init\">\n<fieldset class=\"hidden-fields-container\"><input type=\"hidden\" name=\"_wpcf7\" value=\"2562\" \/><input type=\"hidden\" name=\"_wpcf7_version\" value=\"6.1.4\" \/><input type=\"hidden\" name=\"_wpcf7_locale\" value=\"en_US\" \/><input type=\"hidden\" name=\"_wpcf7_unit_tag\" value=\"wpcf7-f2562-o1\" \/><input type=\"hidden\" name=\"_wpcf7_container_post\" value=\"0\" \/><input type=\"hidden\" name=\"_wpcf7_posted_data_hash\" value=\"\" \/><input type=\"hidden\" name=\"_wpcf7_recaptcha_response\" value=\"\" \/>\n<\/fieldset>\n<div class=\"row\">\n\t<div class=\"col-sm-12\">\n\t\t<p><span class=\"wpcf7-form-control-wrap\" data-name=\"nombre\"><input size=\"40\" maxlength=\"400\" class=\"wpcf7-form-control wpcf7-form-control form-control wpcf7-validates-as-required name\" aria-required=\"true\" aria-invalid=\"false\" placeholder=\"Nombre y Apellidos\" value=\"\" type=\"text\" name=\"nombre\" \/><\/span>\n\t\t<\/p>\n\t<\/div>\n\t<div class=\"col-sm-6\">\n\t\t<p><span class=\"wpcf7-form-control-wrap\" data-name=\"birthdate\"><input size=\"40\" maxlength=\"400\" class=\"wpcf7-form-control wpcf7-form-control form-control name\" aria-invalid=\"false\" placeholder=\"Fecha de Nacimiento\" value=\"\" type=\"text\" name=\"birthdate\" \/><\/span>\n\t\t<\/p>\n\t<\/div>\n\t<div class=\"col-sm-6\">\n\t\t<p><span class=\"wpcf7-form-control-wrap\" data-name=\"sex\"><select class=\"wpcf7-form-control wpcf7-select sex\" aria-invalid=\"false\" name=\"sex\"><option value=\"Sexo\">Sexo<\/option><option value=\"Dona\">Dona<\/option><option value=\"Home\">Home<\/option><\/select><\/span>\n\t\t<\/p>\n\t<\/div>\n\t<div class=\"col-sm-12\">\n\t\t<p><span class=\"wpcf7-form-control-wrap\" data-name=\"telephone\"><input size=\"40\" maxlength=\"400\" class=\"wpcf7-form-control wpcf7-form-control form-control wpcf7-validates-as-required name\" aria-required=\"true\" aria-invalid=\"false\" placeholder=\"Tel\u00e9fono\" value=\"\" type=\"text\" name=\"telephone\" \/><\/span>\n\t\t<\/p>\n\t<\/div>\n\t<div class=\"col-sm-12\">\n\t\t<p><span class=\"wpcf7-form-control-wrap\" data-name=\"email\"><input size=\"40\" maxlength=\"400\" class=\"wpcf7-form-control wpcf7-form-control form-control wpcf7-validates-as-required wpcf7-form-control form-control wpcf7-validates-as-email email\" aria-required=\"true\" aria-invalid=\"false\" placeholder=\"E-mail\" value=\"\" type=\"email\" name=\"email\" \/><\/span>\n\t\t<\/p>\n\t<\/div>\n\t<div class=\"col-sm-12\">\n\t\t<p><span class=\"wpcf7-form-control-wrap\" data-name=\"message\"><textarea cols=\"40\" rows=\"4\" maxlength=\"2000\" class=\"wpcf7-form-control wpcf7-form-control wpcf7-form-control form-control message\" aria-invalid=\"false\" placeholder=\"Comentarios\" name=\"message\"><\/textarea><\/span>\n\t\t<\/p>\n\t<\/div>\n\t<div class=\"col-sm-12\">\n\t\t<p><span class=\"wpcf7-form-control-wrap\" data-name=\"your-consent\"><span class=\"wpcf7-form-control wpcf7-acceptance\"><span class=\"wpcf7-list-item\"><label><input type=\"checkbox\" name=\"your-consent\" value=\"1\" aria-invalid=\"false\" \/><span class=\"wpcf7-list-item-label\">He le\u00eddo y acepto la <a href=\"\/politica-de-privacidad\">pol\u00edtica de privacidad<\/a>.<\/span><\/label><\/span><\/span><\/span>\n\t\t<\/p>\n\t<\/div>\n\t<div class=\"col-sm-12\">\n\t\t<p><input class=\"wpcf7-form-control wpcf7-submit btn btn-primary has-spinner\" type=\"submit\" value=\"Enviar\" \/>\n\t\t<\/p>\n\t<\/div>\n<\/div><div class=\"wpcf7-response-output\" aria-hidden=\"true\"><\/div>\n<\/form>\n<\/div>\n[\/vc_column][\/vc_row][vc_row color_set=\u00bbsecondary_section\u00bb full_width=\u00bb0&#8243; full_height=\u00bb0&#8243; sep_bottom=\u00bbseparator_bottom sep_angled_positive_bottom\u00bb particles=\u00bb0&#8243; css=\u00bb.vc_custom_1457511086992{padding-top: 96px !important;padding-bottom: 64px !important;}\u00bb][vc_column width=\u00bb2\/3&#8243; offset=\u00bbvc_col-sm-offset-2&#8243;][vc_column_text]<\/p>\n<h2 style=\"text-align: center;\">Terapias de limpieza y depuraci\u00f3n del organismo.<\/h2>\n<p>[\/vc_column_text][\/vc_column][\/vc_row][vc_row color_set=\u00bbblack_section\u00bb full_width=\u00bb0&#8243; full_height=\u00bb0&#8243; background=\u00bbbgimage\u00bb bgimage=\u00bb823&#8243; parallax=\u00bb1&#8243;][vc_column]<div class=\"section_header subtitle_bottom   fancy text-center\">\n\n    <h2><\/h2>\n\n\n        <p ><\/p>\n<\/div>[\/vc_column][\/vc_row]<\/p>\n<\/div>","protected":false},"excerpt":{"rendered":"<p>[vc_row full_width=\u00bb0&#8243; full_height=\u00bb0&#8243; particles=\u00bb0&#8243; css=\u00bb.vc_custom_1457512674147{padding-bottom: 96px !important;}\u00bb][vc_column][vc_empty_space height=\u00bb14px\u00bb][\/vc_column][vc_column width=\u00bb1\/2&#8243;][vc_column_text]La hidroterapia de colon es un tratamiento de salud, higi\u00e9nico, indoloro, inodoro y altamente efectivo, que consiste en un lavado profundo del intestino gordo mediante la irrigaci\u00f3n de agua filtrada y purificada con agua de mar. La terapia de hidroter\u00e0pia de colon va acompa\u00f1ada de un masaje [&hellip;]<\/p>\n","protected":false},"author":8,"featured_media":0,"parent":0,"menu_order":0,"comment_status":"closed","ping_status":"closed","template":"","meta":{"footnotes":""},"class_list":["post-2194","page","type-page","status-publish","hentry"],"_links":{"self":[{"href":"https:\/\/www.centrespal.com\/es\/wp-json\/wp\/v2\/pages\/2194","targetHints":{"allow":["GET"]}}],"collection":[{"href":"https:\/\/www.centrespal.com\/es\/wp-json\/wp\/v2\/pages"}],"about":[{"href":"https:\/\/www.centrespal.com\/es\/wp-json\/wp\/v2\/types\/page"}],"author":[{"embeddable":true,"href":"https:\/\/www.centrespal.com\/es\/wp-json\/wp\/v2\/users\/8"}],"replies":[{"embeddable":true,"href":"https:\/\/www.centrespal.com\/es\/wp-json\/wp\/v2\/comments?post=2194"}],"version-history":[{"count":5,"href":"https:\/\/www.centrespal.com\/es\/wp-json\/wp\/v2\/pages\/2194\/revisions"}],"predecessor-version":[{"id":25198,"href":"https:\/\/www.centrespal.com\/es\/wp-json\/wp\/v2\/pages\/2194\/revisions\/25198"}],"wp:attachment":[{"href":"https:\/\/www.centrespal.com\/es\/wp-json\/wp\/v2\/media?parent=2194"}],"curies":[{"name":"wp","href":"https:\/\/api.w.org\/{rel}","templated":true}]}}