{"id":2200,"date":"2016-02-19T09:24:59","date_gmt":"2016-02-19T09:24:59","guid":{"rendered":"http:\/\/www.centrespal.com\/es\/home\/"},"modified":"2024-05-13T21:00:31","modified_gmt":"2024-05-13T19:00:31","slug":"medicina-natural-spal","status":"publish","type":"page","link":"https:\/\/www.centrespal.com\/es\/","title":{"rendered":"Inicio"},"content":{"rendered":"<div class=\"wpb-content-wrapper\"><p>[vc_row full_width=\u00bb0&#8243; full_height=\u00bb0&#8243; row_padding=\u00bbno_padding\u00bb cols_padding=\u00bbno_cols_padding\u00bb elevate=\u00bbelevate\u00bb background=\u00bbtransparent\u00bb el_class=\u00bbfolded_section\u00bb][vc_column width=\u00bb1\/4&#8243; color_set=\u00bblight_section\u00bb background=\u00bbtransparent\u00bb offset=\u00bbvc_col-xs-6&#8243;]<!-- ========================== TEASER BOX ==========================-->\n<div class=\"teaser_box wpb_content_element text-center  transparent boxed same_height_col  with_button    \">\n\n  <div class=\"figure transparent\">\n\n\n      <a href=\"http:\/\/www.centrespal.com\/hidroterapia-de-colon\/\" debug title=\"\" target=\"\"> \n\n        \n        \n        \n         <img decoding=\"async\" src=\"https:\/\/www.centrespal.com\/wp-content\/uploads\/heart-watch.png\" alt=\"Hidroterapia de colon\">   \n\n        \n\n    <\/a>\n\n  <\/div>\n\n\n\n  <div class=\"content text-center   with_button \">\n    \n    <div class=\"hgroup\">\n       <h4 class=\"neutralize_links\">\n       Hidroterapia de colon\n       <\/h4>\n       <p>El tratamiento m\u00e1s eficaz para desintoxicarte y limpiar el interior de tu cuerpo.<\/p> \n    <\/div>\n\n    \n\n    <div class=\"link centered\">\n        <a href=\"http:\/\/www.centrespal.com\/hidroterapia-de-colon\/\"  target=\"\" class=\"btn btn-xs btn-default\"><strong>More<\/strong><\/a>\n    <\/div>\n\n  <\/div>\n\n<\/div>\n\n<!-- END======================= TEASER BOX ==========================-->[\/vc_column][vc_column width=\u00bb1\/4&#8243; color_set=\u00bbskincolored_section\u00bb background=\u00bbtransparent\u00bb offset=\u00bbvc_col-xs-6&#8243;]<!-- ========================== TEASER BOX ==========================-->\n<div class=\"teaser_box wpb_content_element text-center  transparent boxed same_height_col    \">\n\n  <div class=\"figure transparent\">\n\n\n\n        \n        \n        \n         <img decoding=\"async\" src=\"https:\/\/www.centrespal.com\/wp-content\/uploads\/yoga-1.png\" alt=\"Medicina Natural Hol\u00edstica\">   \n\n        \n\n\n  <\/div>\n\n\n\n  <div class=\"content text-center  \">\n    \n    <div class=\"hgroup\">\n       <h4 class=\"neutralize_links\">\n       Medicina Natural Hol\u00edstica\n       <\/h4>\n       <p>Cuerpo, mente y alma saludables.<\/p> \n    <\/div>\n\n    \n\n\n  <\/div>\n\n<\/div>\n\n<!-- END======================= TEASER BOX ==========================-->[\/vc_column][vc_column width=\u00bb1\/4&#8243; color_set=\u00bblight_section\u00bb offset=\u00bbvc_col-xs-6&#8243;]<!-- ========================== TEASER BOX ==========================-->\n<div class=\"teaser_box wpb_content_element text-center  transparent boxed same_height_col    \">\n\n  <div class=\"figure transparent\">\n\n\n      <a href=\"http:\/\/www.centrespal.com\/es\/el-sentimiento-del-intestino\/\" debug title=\"\" target=\"\"> \n\n        \n        \n        \n         <img decoding=\"async\" src=\"https:\/\/www.centrespal.com\/wp-content\/uploads\/mountain-tops.png\" alt=\"Experiencia\">   \n\n        \n\n    <\/a>\n\n  <\/div>\n\n\n\n  <div class=\"content text-center  \">\n    \n    <div class=\"hgroup\">\n       <h4 class=\"neutralize_links\">\n       Experiencia\n       <\/h4>\n       <p>M\u00e1s de 35 a\u00f1os de conocimiento y atenci\u00f3n a las personas.<\/p> \n    <\/div>\n\n    \n\n\n  <\/div>\n\n<\/div>\n\n<!-- END======================= TEASER BOX ==========================-->[\/vc_column][vc_column width=\u00bb1\/4&#8243; color_set=\u00bbskincolored_section\u00bb background=\u00bbtransparent\u00bb offset=\u00bbvc_col-xs-6&#8243;]<!-- ========================== TEASER BOX ==========================-->\n<div class=\"teaser_box wpb_content_element text-center  transparent boxed same_height_col  with_button    \">\n\n  <div class=\"figure transparent\">\n\n\n      <a href=\"http:\/\/www.centrespal.com\/es\/contacta\/\" debug title=\"\" target=\"\"> \n\n        \n        \n        \n         <img decoding=\"async\" src=\"https:\/\/www.centrespal.com\/wp-content\/uploads\/calendar.png\" alt=\"Pide cita\">   \n\n        \n\n    <\/a>\n\n  <\/div>\n\n\n\n  <div class=\"content text-center   with_button \">\n    \n    <div class=\"hgroup\">\n       <h4 class=\"neutralize_links\">\n       Pide cita\n       <\/h4>\n       <p>Llama o rellena el formulario.<\/p> \n    <\/div>\n\n    \n\n    <div class=\"link centered\">\n        <a href=\"http:\/\/www.centrespal.com\/es\/contacta\/\"  target=\"\" class=\"btn btn-xs btn-default\"><strong>More<\/strong><\/a>\n    <\/div>\n\n  <\/div>\n\n<\/div>\n\n<!-- END======================= TEASER BOX ==========================-->[\/vc_column][\/vc_row][vc_row full_width=\u00bb0&#8243; full_height=\u00bb0&#8243; row_padding=\u00bbno_top_padding\u00bb sep_bottom=\u00bbseparator_bottom sep_angled_positive_bottom\u00bb particles=\u00bb0&#8243;][vc_column]<div class=\"section_header subtitle_bottom   fancy text-left\">\n\n    <h2>Centro de medicina hol\u00edstica<\/h2>\n\n\n        <p ><\/p>\n<\/div>[\/vc_column][vc_column heading_align=\u00bbtext-center\u00bb align=\u00bbtext-left\u00bb margin=\u00bbmargin_bottom_grid\u00bb offset=\u00bbvc_col-md-8&#8243;][vc_column_text]Somos un centro de <strong>medicina natural holi\u0301stica e integrativa<\/strong>. Trabajamos para favorecer un cambio real en nuestros pacientes desde todos los niveles, tanto bioqui\u0301mico como fisiolo\u0301gico.<\/p>\n<p>Llevamos a cabo un trabajo continuado en el desarrollo e innovacio\u0301n de terapias y me\u0301todos preventivos. Nuestra especialidad es la <strong>depuracio\u0301n integral del cuerpo<\/strong>, tanto a nivel fi\u0301sico como mental y espiritual, en combinacio\u0301n con la bioenerge\u0301tica y la bioresonancia.[\/vc_column_text][vc_text_separator title=\u00bbNuestros principios\u00bb title_align=\u00bbseparator_align_left\u00bb align=\u00bbalign_right\u00bb color=\u00bbblack\u00bb][vc_column_text]<strong>Respetar la naturaleza del cuerpo humano<\/strong>, asi\u0301 como su poder autocurativo, muchas veces menospreciado o desconocido.<\/p>\n<p><strong>Valorar nuestros pacientes desde un enfoque holi\u0301stico<\/strong>, teniendo en cuenta su estado emocional\/psi\u0301quico y fi\u0301sico. Creemos en la interrelacio\u0301n entre el cuerpo y la mente y su afectacio\u0301n en el organismo.<\/p>\n<p><strong>Investigar e innovar<\/strong> con la finalidad de ofrecer los me\u0301todos ma\u0301s innovadores e eficaces.[\/vc_column_text][vc_tta_accordion active_section=\u00bb1&#8243; title=\u00bbTRATAMIENTOS DESTACADOS\u00bb][vc_tta_section title=\u00bbHIDROTERAPIA DE COLON\u00bb tab_id=\u00bb1471340888282-35b3416b-d1a2&#8243;][vc_column_text]<strong>La hidroterapia de colon<\/strong> es un tratamiento de salud, higi\u00e9nico, indoloro, inodoro y altamente efectivo, que consiste en una limpieza profunda del intestino gordo mediante la irrigaci\u00f3n de agua de mar filtrada y purificada. <a href=\"https:\/\/www.centrespal.com\/es\/hidroterapia-de-colon\/\">M\u00e1s informaci<\/a><a href=\"https:\/\/www.centrespal.com\/es\/hidroterapia-de-colon\/\">\u00f3n<\/a>[\/vc_column_text][\/vc_tta_section][vc_tta_section title=\u00bbTRANSGENERACIONAL\u00bb tab_id=\u00bb1471340888410-08fcb579-6216&#8243;][vc_column_text]<\/p>\n<div class=\"page\" title=\"Page 2\">\n<div class=\"layoutArea\">\n<div class=\"column\">\n<p>La terapia transgeneracional ofrece una respuesta a nuestro comportamiento por el<br \/>\ncual repetimos patrones de conducta, que se realiza mediante diferentes din\u00e1micas<br \/>\npara descubrir los momentos vitales de nuestra vida que se han instalado a nuestro<br \/>\ninconsciente. <a href=\"https:\/\/www.centrespal.com\/es\/transgeneracional-2\/\">M\u00e1s informaci\u00f3<\/a><a href=\"https:\/\/www.centrespal.com\/es\/transgeneracional-2\/\">n<\/a><\/p>\n<\/div>\n<\/div>\n<\/div>\n<p>[\/vc_column_text][\/vc_tta_section][vc_tta_section title=\u00bbFISIOTERAPIA Y REHABILITACI\u00d3N\u00bb tab_id=\u00bb1471341499008-3052b964-2e11&#8243;][vc_column_text]<\/p>\n<div class=\"page\" title=\"Page 3\">\n<div class=\"layoutArea\">\n<div class=\"column\">\n<p>Conjunto de <strong>te\u0301cnicas terape\u0301uticas<\/strong> de tipo fi\u0301sico que se utilizan en el tratamiento de las lesiones y enfermedades para aumentar cualitativamente y cuantitativamente el nivel de autonomi\u0301a del paciente.\u00a0<a href=\"https:\/\/www.centrespal.com\/es\/fisioterapia-rehabilitacion\/\">M\u00e9s informaci\u00f3<\/a><a href=\"https:\/\/www.centrespal.com\/es\/fisioterapia-rehabilitacion\/\">n<\/a><\/p>\n<\/div>\n<\/div>\n<\/div>\n<p>[\/vc_column_text][\/vc_tta_section][vc_tta_section title=\u00bbHOMEOPATIA\u00bb tab_id=\u00bb1471341563233-5a2e0545-0428&#8243;][vc_column_text]<\/p>\n<div class=\"page\" title=\"Page 3\">\n<div class=\"layoutArea\">\n<div class=\"column\">\n<p>La <strong>Homeopati\u0301a<\/strong> es un me\u0301todo terape\u0301utico que <strong>estimula la capacidad autocurativa del organismo<\/strong>.\u00a0<a href=\"https:\/\/www.centrespal.com\/es\/homeopatia\/\">M\u00e1s informaci\u00f3<\/a><a href=\"https:\/\/www.centrespal.com\/es\/homeopatia\/\">n<\/a><\/p>\n<\/div>\n<\/div>\n<\/div>\n<p>[\/vc_column_text][\/vc_tta_section][\/vc_tta_accordion][\/vc_column][vc_column width=\u00bb1\/2&#8243; align=\u00bbtext-left\u00bb offset=\u00bbvc_col-md-4&#8243;]<div class=\"section_header subtitle_bottom   vc_custom_1474913631820  text-center\">\n\n    <h3><strong>Leonor Mart\u00edn Monge<\/strong><\/h3>\n\n\n        <p >Toda una vida dedicada a la ayuda, la curaci\u00f3n y la mejora de la salud de las personas. Autora del libro 'El Sentimiento del Intestino'.<\/p>\n<\/div><!-- ========================== TEASER BOX ==========================-->\n<div class=\"teaser_box wpb_content_element text-left  skincolored_section    with_button    \">\n\n  <div class=\"figure \">\n\n\n      <a href=\"http:\/\/plethorathemes.com\/healthflex\/health-coach\/frequently-asked-questions\/\" debug title=\"\" target=\"\"> \n\n        \n         <div class=\"figure  stretchy_wrapper ratio_16-9\" style=\"background-image:url('https:\/\/www.centrespal.com\/wp-content\/uploads\/2-2.png')\"><\/div> \n        \n          \n\n        \n\n    <\/a>\n\n  <\/div>\n\n\n\n  <div class=\"content text-left boxed  with_button \">\n    \n    <div class=\"hgroup\">\n       <h4 class=\"neutralize_links\">\n       El Sentimiento del Intestino\n       <\/h4>\n       <p>El m\u00e9todo de desintoxicaci\u00f3n para el bienestar corporal y emocional<\/p> \n    <\/div>\n\n     <div class=\"desc\"><p>Estamos expuestos a multitud de sustancias t\u00f3xicas que afectan muy directamente a nuestro intestino, que trabaja sin cesar para procesar todo el que ingerimos y tambi\u00e9n todo el que nos afecta emocionalmente.<br \/>\n<\/p><\/div> \n\n    <div class=\"link centered\">\n        <a href=\"http:\/\/plethorathemes.com\/healthflex\/health-coach\/frequently-asked-questions\/\"  target=\"\" class=\"btn btn-xs btn-secondary\"><strong>M\u00e9s Informaci\u00f3<\/strong><\/a>\n    <\/div>\n\n  <\/div>\n\n<\/div>\n\n<!-- END======================= TEASER BOX ==========================-->[\/vc_column][\/vc_row][vc_row color_set=\u00bbsecondary_section\u00bb full_width=\u00bb0&#8243; full_height=\u00bb0&#8243; particles=\u00bb0&#8243;][vc_column heading_align=\u00bbtext-center\u00bb align=\u00bbtext-left\u00bb margin=\u00bbmargin_bottom_grid\u00bb offset=\u00bbvc_col-lg-8&#8243;]<div class=\"section_header subtitle_bottom   fancy text-left\">\n\n    <h2>Las tres etapas del m\u00e9todo detox<\/h2>\n\n\n        <p >Cada vez son ma\u0301s las enfermedades que surgen o prosperan como consecuencia de nuestra forma de alimentarnos y nuestros ha\u0301bitos de vida, que nos perjudican y debilitan. Este es el me\u0301todo que hemos aplicado a miles de pacientes a lo largo de ma\u0301s de 35 an\u0303os.<\/p>\n<\/div>[vc_row_inner][vc_column_inner width=\u00bb1\/3&#8243;][vc_single_image image=\u00bb1000&#8243; img_size=\u00bb230&#215;175&#8243;][vc_column_text]<\/p>\n<p style=\"text-align: center;\"><strong>Valoraci\u00f3n Integral<\/strong><\/p>\n<div class=\"page\" title=\"Page 5\">\n<div class=\"layoutArea\">\n<div class=\"column\">\n<p style=\"text-align: center;\">Determinamos que\u0301 desequilibrios presenta el paciente y sus niveles de toxinas.<\/p>\n<\/div>\n<\/div>\n<\/div>\n<p>[\/vc_column_text][\/vc_column_inner][vc_column_inner width=\u00bb1\/3&#8243;][vc_single_image image=\u00bb1001&#8243; img_size=\u00bb230&#215;175&#8243;][vc_column_text]<\/p>\n<p style=\"text-align: center;\"><strong>Detoxificaci\u00f3n<\/strong><\/p>\n<div class=\"page\" title=\"Page 5\">\n<div class=\"layoutArea\">\n<div class=\"column\">\n<p style=\"text-align: center;\">Es el conjunto de te\u0301cnicas que se aplican al paciente para limpiar y depurar el intestino y otros o\u0301rganos como el hi\u0301gado y los rin\u0303ones.<\/p>\n<\/div>\n<\/div>\n<\/div>\n<p>[\/vc_column_text][\/vc_column_inner][vc_column_inner width=\u00bb1\/3&#8243;][vc_single_image image=\u00bb1002&#8243; img_size=\u00bb230&#215;175&#8243;][vc_column_text]<\/p>\n<p style=\"text-align: center;\"><strong>Regeneraci\u00f3n<\/strong><\/p>\n<div class=\"page\" title=\"Page 5\">\n<div class=\"layoutArea\">\n<div class=\"column\">\n<p style=\"text-align: center;\">Fortalecemos el organismo para evitar que vuelva a intoxicarse.<\/p>\n<\/div>\n<\/div>\n<\/div>\n<p>[\/vc_column_text][\/vc_column_inner][\/vc_row_inner]<div class=\"plethora_button wpb_content_element   text-center \">\n    <a href=\"http:\/\/www.centrespal.com\/metode-detox\" debug class=\" btn btn-default  \" title=\"\"  target=\"_self\">\n\n        \n        M\u00e1s informaci\u00f3n\n        \n\n    <\/a>\n<\/div>[\/vc_column][vc_column align=\u00bbtext-left\u00bb color_set=\u00bbsecondary_section\u00bb transparent_overlay=\u00bbtransparent_film\u00bb boxed=\u00bbboxed_plus\u00bb offset=\u00bbvc_col-lg-4&#8243; heading=\u00bbReserva la teva cita!\u00bb]\n<div class=\"wpcf7 no-js\" id=\"wpcf7-f100-o1\" lang=\"en-US\" dir=\"ltr\" data-wpcf7-id=\"100\">\n<div class=\"screen-reader-response\"><p role=\"status\" aria-live=\"polite\" aria-atomic=\"true\"><\/p> <ul><\/ul><\/div>\n<form action=\"\/es\/wp-json\/wp\/v2\/pages\/2200#wpcf7-f100-o1\" method=\"post\" class=\"wpcf7-form init\" aria-label=\"Contact form\" novalidate=\"novalidate\" data-status=\"init\">\n<fieldset class=\"hidden-fields-container\"><input type=\"hidden\" name=\"_wpcf7\" value=\"100\" \/><input type=\"hidden\" name=\"_wpcf7_version\" value=\"6.1.4\" \/><input type=\"hidden\" name=\"_wpcf7_locale\" value=\"en_US\" \/><input type=\"hidden\" name=\"_wpcf7_unit_tag\" value=\"wpcf7-f100-o1\" \/><input type=\"hidden\" name=\"_wpcf7_container_post\" value=\"0\" \/><input type=\"hidden\" name=\"_wpcf7_posted_data_hash\" value=\"\" \/><input type=\"hidden\" name=\"_wpcf7_recaptcha_response\" value=\"\" \/>\n<\/fieldset>\n<div class=\"row\">\n\t<div class=\"col-sm-12\">\n\t\t<p><span class=\"wpcf7-form-control-wrap\" data-name=\"nom\"><input size=\"40\" maxlength=\"400\" class=\"wpcf7-form-control wpcf7-form-control form-control wpcf7-validates-as-required name\" aria-required=\"true\" aria-invalid=\"false\" placeholder=\"Nom i Cognoms\" value=\"\" type=\"text\" name=\"nom\" \/><\/span>\n\t\t<\/p>\n\t<\/div>\n\t<div class=\"col-sm-6\">\n\t\t<p><span class=\"wpcf7-form-control-wrap\" data-name=\"birthdate\"><input size=\"40\" maxlength=\"400\" class=\"wpcf7-form-control wpcf7-form-control form-control name\" aria-invalid=\"false\" placeholder=\"Data de naixement\" value=\"\" type=\"text\" name=\"birthdate\" \/><\/span>\n\t\t<\/p>\n\t<\/div>\n\t<div class=\"col-sm-6\">\n\t\t<p><span class=\"wpcf7-form-control-wrap\" data-name=\"sex\"><select class=\"wpcf7-form-control wpcf7-select sex\" aria-invalid=\"false\" name=\"sex\"><option value=\"Sexe\">Sexe<\/option><option value=\"Dona\">Dona<\/option><option value=\"Home\">Home<\/option><\/select><\/span>\n\t\t<\/p>\n\t<\/div>\n\t<div class=\"col-sm-12\">\n\t\t<p><span class=\"wpcf7-form-control-wrap\" data-name=\"telephone\"><input size=\"40\" maxlength=\"400\" class=\"wpcf7-form-control wpcf7-form-control form-control wpcf7-validates-as-required name\" aria-required=\"true\" aria-invalid=\"false\" placeholder=\"Tel\u00e8fon\" value=\"\" type=\"text\" name=\"telephone\" \/><\/span>\n\t\t<\/p>\n\t<\/div>\n\t<div class=\"col-sm-12\">\n\t\t<p><span class=\"wpcf7-form-control-wrap\" data-name=\"email\"><input size=\"40\" maxlength=\"400\" class=\"wpcf7-form-control wpcf7-form-control form-control wpcf7-validates-as-required wpcf7-form-control form-control wpcf7-validates-as-email email\" aria-required=\"true\" aria-invalid=\"false\" placeholder=\"E-mail\" value=\"\" type=\"email\" name=\"email\" \/><\/span>\n\t\t<\/p>\n\t<\/div>\n\t<div class=\"col-sm-12\">\n\t\t<p><span class=\"wpcf7-form-control-wrap\" data-name=\"message\"><textarea cols=\"40\" rows=\"4\" maxlength=\"2000\" class=\"wpcf7-form-control wpcf7-form-control wpcf7-form-control form-control message\" aria-invalid=\"false\" placeholder=\"Comentaris\" name=\"message\"><\/textarea><\/span>\n\t\t<\/p>\n\t<\/div>\n\t<div class=\"col-sm-12\">\n\t\t<p><span class=\"wpcf7-form-control-wrap\" data-name=\"your-consent\"><span class=\"wpcf7-form-control wpcf7-acceptance\"><span class=\"wpcf7-list-item\"><label><input type=\"checkbox\" name=\"your-consent\" value=\"1\" aria-invalid=\"false\" \/><span class=\"wpcf7-list-item-label\">He llegit i accepto la <a href=\"https:\/\/www.centrespal.com\/es\/politica-de-privacidad\/\">pol\u00edtica de privacitat<\/a>.<\/span><\/label><\/span><\/span><\/span>\n\t\t<\/p>\n\t<\/div>\n\t<div class=\"col-sm-12\">\n\t\t<p><input class=\"wpcf7-form-control wpcf7-submit btn btn-primary has-spinner\" type=\"submit\" value=\"Enviar\" \/>\n\t\t<\/p>\n\t<\/div>\n<\/div><div class=\"wpcf7-response-output\" aria-hidden=\"true\"><\/div>\n<\/form>\n<\/div>\n[\/vc_column][\/vc_row][vc_row full_width=\u00bb0&#8243; full_height=\u00bb0&#8243; sep_top=\u00bbseparator_top sep_angled_positive_top\u00bb sep_bottom=\u00bbseparator_bottom sep_angled_positive_bottom\u00bb particles=\u00bb0&#8243;][vc_column]<div class=\"section_header subtitle_bottom   fancy text-center\">\n\n    <h2 style=\"text-align: center;\">Tratamientos<\/h2>\n\n\n        <p >Nuestras terapias y m\u00e9todos preventivos<\/p>\n<\/div>[\/vc_column][vc_column width=\u00bb1\/2&#8243; align=\u00bbtext-center\u00bb offset=\u00bbvc_col-md-4&#8243;]<div class=\"pricing_plan white_section  \">  \n\n\n    <div class=\"stretchy_wrapper ratio_2-1\">\n      <div style=\"background-image:url('https:\/\/www.centrespal.com\/wp-content\/uploads\/tractaments-canvi-equilibri-fisic.jpg');\" class=\"pricing_plan_photo\"><\/div>\n      \n    <\/div>\n\n\n  <div  class=\"plan_title secondary_section\">\n    <h3>CAMBIO Y EQUILIBRIO F\u00cdSICO Y EMOCIONAL<\/h3>\n    <p><\/p>\n  <\/div>\n  <div class=\"the_price skincolored_section\"><small><\/small><\/div>\n  <div class=\"the_offerings \">\n   Transgeneracional<br \/>\nOsteopatia biodin\u00e1mica<br \/>\nMedicina bioenerg\u00e9tica<br \/>\nHomeopat\u00eda<br \/>\nAcupuntura<br \/>\nReeducaci\u00f3n postural K-stretch<br \/>\nSaama<br \/>\nInducci\u00f3n miofascial<br \/>\n   <br \/> \n\n\n  <\/div>\n\n<\/div>[\/vc_column][vc_column width=\u00bb1\/2&#8243; align=\u00bbtext-center\u00bb offset=\u00bbvc_col-md-4&#8243;]<div class=\"pricing_plan white_section  \">  \n\n\n    <div class=\"stretchy_wrapper ratio_2-1\">\n      <div style=\"background-image:url('https:\/\/www.centrespal.com\/wp-content\/uploads\/tractaments-detox-terapia-integrativa.jpg');\" class=\"pricing_plan_photo\"><\/div>\n      \n    <\/div>\n\n\n  <div  class=\"plan_title secondary_section\">\n    <h3>DETOXIFICACI\u00d3N Y TERAPIA INTEGRATIVA<\/h3>\n    <p><\/p>\n  <\/div>\n  <div class=\"the_price skincolored_section\"><small><\/small><\/div>\n  <div class=\"the_offerings \">\n   Hidroterapia de colon<br \/>\nDepuraci\u00f3n de h\u00edgado y ri\u00f1\u00f3n<br \/>\nTerapias marinas   <br \/> \n\n\n  <\/div>\n\n<\/div>[\/vc_column][vc_column width=\u00bb1\/2&#8243; align=\u00bbtext-center\u00bb offset=\u00bbvc_col-md-4&#8243;]<div class=\"pricing_plan white_section  \">  \n\n\n    <div class=\"stretchy_wrapper ratio_2-1\">\n      <div style=\"background-image:url('https:\/\/www.centrespal.com\/wp-content\/uploads\/987.png');\" class=\"pricing_plan_photo\"><\/div>\n      \n    <\/div>\n\n\n  <div  class=\"plan_title secondary_section\">\n    <h3>TRAUMATOLOG\u00cdA Y REHABILITACI\u00d3N<\/h3>\n    <p><\/p>\n  <\/div>\n  <div class=\"the_price skincolored_section\"><small><\/small><\/div>\n  <div class=\"the_offerings \">\n   Fisioterapia<br \/>\nRehabilitaci\u00f3n   <br \/> \n\n\n  <\/div>\n\n<\/div>[\/vc_column][\/vc_row][vc_row color_set=\u00bbblack_section\u00bb align=\u00bbtext-center\u00bb full_width=\u00bb0&#8243; full_height=\u00bb0&#8243; cols_valign=\u00bbvcenter\u00bb transparent_overlay=\u00bbtransparent_film\u00bb background=\u00bbbgimage\u00bb bgimage=\u00bb2719&#8243; parallax=\u00bb1&#8243;][vc_column align=\u00bbtext-center\u00bb]<div class=\"section_header subtitle_bottom   fancy text-center\">\n\n    <h2>\u00bfQuieres transformar tu cuerpo y aprender a gestionar tus emociones?<\/h2>\n\n\n        <p >Llama al 93 754 02 22 y te acompa\u00f1aremos en el proceso de cambio<\/p>\n<\/div><div class=\"plethora_button wpb_content_element   text-center \">\n    <a href=\"https:\/\/www.centrespal.com\/es\/contacta\/\" debug class=\" btn btn-primary with-icon icon-left\" title=\"\"  target=\"_self\">\n\n         <i class=\"fa fa-check\"><\/i> \n        Pide cita\n        \n\n    <\/a>\n<\/div>[\/vc_column][\/vc_row]<\/p>\n<\/div>","protected":false},"excerpt":{"rendered":"<p>[vc_row full_width=\u00bb0&#8243; full_height=\u00bb0&#8243; row_padding=\u00bbno_padding\u00bb cols_padding=\u00bbno_cols_padding\u00bb elevate=\u00bbelevate\u00bb background=\u00bbtransparent\u00bb el_class=\u00bbfolded_section\u00bb][vc_column width=\u00bb1\/4&#8243; color_set=\u00bblight_section\u00bb background=\u00bbtransparent\u00bb offset=\u00bbvc_col-xs-6&#8243;][\/vc_column][vc_column width=\u00bb1\/4&#8243; color_set=\u00bbskincolored_section\u00bb background=\u00bbtransparent\u00bb offset=\u00bbvc_col-xs-6&#8243;][\/vc_column][vc_column width=\u00bb1\/4&#8243; color_set=\u00bblight_section\u00bb offset=\u00bbvc_col-xs-6&#8243;][\/vc_column][vc_column width=\u00bb1\/4&#8243; color_set=\u00bbskincolored_section\u00bb background=\u00bbtransparent\u00bb offset=\u00bbvc_col-xs-6&#8243;][\/vc_column][\/vc_row][vc_row full_width=\u00bb0&#8243; full_height=\u00bb0&#8243; row_padding=\u00bbno_top_padding\u00bb sep_bottom=\u00bbseparator_bottom sep_angled_positive_bottom\u00bb particles=\u00bb0&#8243;][vc_column][\/vc_column][vc_column heading_align=\u00bbtext-center\u00bb align=\u00bbtext-left\u00bb margin=\u00bbmargin_bottom_grid\u00bb offset=\u00bbvc_col-md-8&#8243;][vc_column_text]Somos un centro de medicina natural holi\u0301stica e integrativa. Trabajamos para favorecer un cambio real en nuestros pacientes desde todos los niveles, tanto [&hellip;]<\/p>\n","protected":false},"author":8,"featured_media":0,"parent":0,"menu_order":0,"comment_status":"closed","ping_status":"closed","template":"","meta":{"footnotes":""},"class_list":["post-2200","page","type-page","status-publish","hentry"],"_links":{"self":[{"href":"https:\/\/www.centrespal.com\/es\/wp-json\/wp\/v2\/pages\/2200","targetHints":{"allow":["GET"]}}],"collection":[{"href":"https:\/\/www.centrespal.com\/es\/wp-json\/wp\/v2\/pages"}],"about":[{"href":"https:\/\/www.centrespal.com\/es\/wp-json\/wp\/v2\/types\/page"}],"author":[{"embeddable":true,"href":"https:\/\/www.centrespal.com\/es\/wp-json\/wp\/v2\/users\/8"}],"replies":[{"embeddable":true,"href":"https:\/\/www.centrespal.com\/es\/wp-json\/wp\/v2\/comments?post=2200"}],"version-history":[{"count":24,"href":"https:\/\/www.centrespal.com\/es\/wp-json\/wp\/v2\/pages\/2200\/revisions"}],"predecessor-version":[{"id":27839,"href":"https:\/\/www.centrespal.com\/es\/wp-json\/wp\/v2\/pages\/2200\/revisions\/27839"}],"wp:attachment":[{"href":"https:\/\/www.centrespal.com\/es\/wp-json\/wp\/v2\/media?parent=2200"}],"curies":[{"name":"wp","href":"https:\/\/api.w.org\/{rel}","templated":true}]}}