{"id":2212,"date":"2016-02-19T09:25:21","date_gmt":"2016-02-19T09:25:21","guid":{"rendered":"http:\/\/www.centrespal.com\/es\/leonor-martin-monge\/"},"modified":"2017-11-09T16:51:10","modified_gmt":"2017-11-09T14:51:10","slug":"leonor-martin-monge","status":"publish","type":"page","link":"https:\/\/www.centrespal.com\/es\/leonor-martin-monge\/","title":{"rendered":"Leonor Mart\u00edn Monge"},"content":{"rendered":"<div class=\"wpb-content-wrapper\"><p>[vc_row full_width=\u00bb0&#8243; full_height=\u00bb0&#8243; particles=\u00bb0&#8243; css=\u00bb.vc_custom_1457518050592{padding-top: 96px !important;}\u00bb][vc_column width=\u00bb2\/3&#8243;][vc_column_text]<\/p>\n<h3>Toda una vida dedicada a la ayuda, la curaci\u00f3n y la mejora de la salud de las personas<\/h3>\n<p>&#8230;y esta es la experiencia que aplicamos a todos y cada uno de nuestros pacientes<\/p>\n<p><strong>Leonor Mart\u00edn<\/strong>, directora y gerente, representa toda una vida <strong>dedicada a la ayuda, acompa\u00f1amiento y mejora de la salud de las personas.<\/strong> As\u00ed como a la investigaci\u00f3n continuada de los m\u00e9todos m\u00e1s eficaces e innovadores. Ha recopilado todos los conocimientos que ha adquirido a lo largo de su trayectoria profesional, acad\u00e9mica y personal para ir m\u00e1s all\u00e1 y dar lugar a sus propias t\u00e9cnicas.<\/p>\n<p>El 1974 empez\u00f3 sus estudios en enfermer\u00eda y en todo su recorrido ha demostrado su clara vocaci\u00f3n como emprendedora e innovadora en las \u00faltimas tendencias en <strong>medicina natural.<\/strong><\/p>\n<p>Su <strong>pasi\u00f3n, dedicaci\u00f3n y resultados<\/strong> lo avalan como experta en <strong>bioenerg\u00eda<\/strong>, en sistemas de <strong>detoxificaci\u00f3n<\/strong> a trav\u00e9s de la diet\u00e9tica, la <strong>hidroterapia de colon<\/strong> y su apuesta infalible por el agua de mar, as\u00ed como a experta en <strong>homeopat\u00eda y tratamiento de emociones.<\/strong><\/p>\n<p>\u00abyo no curo el cuerpo de las personas, sino que ayudo al cuerpo a curarse\u00bb<\/p>\n<h3>Gran experiencia, conocimiento y solidez:<\/h3>\n<ul>\n<li>Diplomada en Enfermer\u00eda y Posgrado en Medicina naturista por la<\/li>\n<li>Universitat de Barcelona (Les Heures).<\/li>\n<li>T\u00e9cnica y Especialista en Hidroter\u00e0pia de Colon.<\/li>\n<li>M\u00e1ster en Homeopat\u00eda.<\/li>\n<li>Cofundadora de la Fundaci\u00f3n Aquamaris, que trabaja para la investigaci\u00f3n del agua de mar y la difusi\u00f3n de sus grandes beneficios terap\u00e9uticos.<\/li>\n<li>M\u00e1s de 35 a\u00f1os de experiencia en el \u00e1mbito de la medicina natural y tratamiento hol\u00edstico del paciente.<\/li>\n<li>Experta en Bioenerg\u00eda. M\u00e1s de 25 a\u00f1os impartiendo cursos en esta disciplina dirigidos a adultos y adolescentes.<\/li>\n<li>Autor del libro El Sentimiento del Intestino (Viena Ediciones, 2015).<\/li>\n<\/ul>\n<p><em>Leonor realiza de manera peri\u00f3dica conferencias y charlas en diferentes espacios y agrupaciones para dar a conocer su experiencia. En la actualidad son miles las personas que han pasado por el Centro M\u00e9dico SPAL, que se fund\u00f3 en 1979.<\/em><\/p>\n<h3><\/h3>\n<p>[\/vc_column_text]<div class=\"plethora_button wpb_content_element   text-left btn_inline\">\n    <a href=\"https:\/\/www.linkedin.com\/in\/leonormartinmonge\" debug class=\" btn btn-primary  \" title=\"\"  target=\"_blank\">\n\n        \n        Linkedin\n        \n\n    <\/a>\n<\/div><div class=\"plethora_button wpb_content_element   text-left btn_inline\">\n    <a href=\"http:\/\/www.centrespal.com\/es\/contacta\/\" debug class=\" btn btn-secondary  \" title=\"\"  target=\"_self\">\n\n        \n        Pide cita con Leo\n        \n\n    <\/a>\n<\/div><div class=\"plethora_button wpb_content_element   text-left btn_inline\">\n    <a href=\"#\" debug class=\" btn btn-secondary  \" title=\"\"  target=\"_self\">\n\n        \n        Consulta las pr\u00f3ximas charlas\n        \n\n    <\/a>\n<\/div>[\/vc_column][vc_column width=\u00bb1\/3&#8243;][vc_single_image image=\u00bb2344&#8243; img_size=\u00bblarge\u00bb][vc_single_image image=\u00bb2692&#8243; img_size=\u00bblarge\u00bb][\/vc_column][\/vc_row][vc_row color_set=\u00bbsecondary_section\u00bb full_width=\u00bb0&#8243; full_height=\u00bb0&#8243; particles=\u00bb0&#8243;][vc_column]<div class=\"section_header subtitle_bottom   fancy text-center\">\n\n    <h2 style=\"text-align: center;\">Quieres transformar tu cuerpo y aprender<br \/>\na gestionar tus emociones?<\/h2>\n\n\n        <p >Llama al 93 754 02 22 y te acompa\u00f1aremos en el proceso de cambio<\/p>\n<\/div><div class=\"plethora_button wpb_content_element   text-center \">\n    <a href=\"http:\/\/www.centrespal.com\/connect\/\" debug class=\" btn btn-primary with-icon icon-left\" title=\"\"  target=\"_self\">\n\n         <i class=\"fa fa-check\"><\/i> \n        Pide cita!\n        \n\n    <\/a>\n<\/div>[\/vc_column][\/vc_row]<\/p>\n<\/div>","protected":false},"excerpt":{"rendered":"<p>[vc_row full_width=\u00bb0&#8243; full_height=\u00bb0&#8243; particles=\u00bb0&#8243; css=\u00bb.vc_custom_1457518050592{padding-top: 96px !important;}\u00bb][vc_column width=\u00bb2\/3&#8243;][vc_column_text] Toda una vida dedicada a la ayuda, la curaci\u00f3n y la mejora de la salud de las personas &#8230;y esta es la experiencia que aplicamos a todos y cada uno de nuestros pacientes Leonor Mart\u00edn, directora y gerente, representa toda una vida dedicada a la ayuda, acompa\u00f1amiento [&hellip;]<\/p>\n","protected":false},"author":8,"featured_media":996,"parent":0,"menu_order":0,"comment_status":"closed","ping_status":"closed","template":"","meta":{"footnotes":""},"class_list":["post-2212","page","type-page","status-publish","has-post-thumbnail","hentry"],"yoast_head":"<!-- This site is optimized with the Yoast SEO plugin v27.5 - https:\/\/yoast.com\/product\/yoast-seo-wordpress\/ -->\n<title>Leonor Mart\u00edn Monge - medicina natural y tratamiento hol\u00edstico - Centro SPAL<\/title>\n<meta name=\"description\" content=\"Leonor Mart\u00edn Monge, m\u00e1s de 35 a\u00f1os en el \u00e1mbito de la medicina natural y el tratamiento hol\u00edstico del paciente. Gran experiencia, conocimiento y solidez.\" \/>\n<meta name=\"robots\" content=\"index, follow, max-snippet:-1, max-image-preview:large, max-video-preview:-1\" \/>\n<link rel=\"canonical\" href=\"https:\/\/www.centrespal.com\/leonor-martin-monge\/\" \/>\n<meta property=\"og:locale\" content=\"es_ES\" \/>\n<meta property=\"og:type\" content=\"article\" \/>\n<meta property=\"og:title\" content=\"Leonor Mart\u00edn Monge - medicina natural y tratamiento hol\u00edstico - Centro SPAL\" \/>\n<meta property=\"og:description\" content=\"Leonor Mart\u00edn Monge, m\u00e1s de 35 a\u00f1os en el \u00e1mbito de la medicina natural y el tratamiento hol\u00edstico del paciente. Gran experiencia, conocimiento y solidez.\" \/>\n<meta property=\"og:url\" content=\"https:\/\/www.centrespal.com\/leonor-martin-monge\/\" \/>\n<meta property=\"og:site_name\" content=\"Centre Spal - Leonor Mart\u00edn Monge\" \/>\n<meta property=\"article:modified_time\" content=\"2017-11-09T14:51:10+00:00\" \/>\n<meta property=\"og:image\" content=\"https:\/\/www.centrespal.com\/wp-content\/uploads\/seccio-leonor-martin.jpg\" \/>\n\t<meta property=\"og:image:width\" content=\"860\" \/>\n\t<meta property=\"og:image:height\" content=\"600\" \/>\n\t<meta property=\"og:image:type\" content=\"image\/jpeg\" \/>\n<meta name=\"twitter:card\" content=\"summary_large_image\" \/>\n<meta name=\"twitter:label1\" content=\"Tiempo de lectura\" \/>\n\t<meta name=\"twitter:data1\" content=\"3 minutos\" \/>\n<script type=\"application\/ld+json\" class=\"yoast-schema-graph\">{\"@context\":\"https:\\\/\\\/schema.org\",\"@graph\":[{\"@type\":\"WebPage\",\"@id\":\"https:\\\/\\\/www.centrespal.com\\\/leonor-martin-monge\\\/\",\"url\":\"https:\\\/\\\/www.centrespal.com\\\/leonor-martin-monge\\\/\",\"name\":\"Leonor Mart\u00edn Monge - medicina natural y tratamiento hol\u00edstico - Centro SPAL\",\"isPartOf\":{\"@id\":\"https:\\\/\\\/www.centrespal.com\\\/#website\"},\"primaryImageOfPage\":{\"@id\":\"https:\\\/\\\/www.centrespal.com\\\/leonor-martin-monge\\\/#primaryimage\"},\"image\":{\"@id\":\"https:\\\/\\\/www.centrespal.com\\\/leonor-martin-monge\\\/#primaryimage\"},\"thumbnailUrl\":\"https:\\\/\\\/www.centrespal.com\\\/wp-content\\\/uploads\\\/seccio-leonor-martin.jpg\",\"datePublished\":\"2016-02-19T09:25:21+00:00\",\"dateModified\":\"2017-11-09T14:51:10+00:00\",\"description\":\"Leonor Mart\u00edn Monge, m\u00e1s de 35 a\u00f1os en el \u00e1mbito de la medicina natural y el tratamiento hol\u00edstico del paciente. Gran experiencia, conocimiento y solidez.\",\"breadcrumb\":{\"@id\":\"https:\\\/\\\/www.centrespal.com\\\/leonor-martin-monge\\\/#breadcrumb\"},\"inLanguage\":\"es\",\"potentialAction\":[{\"@type\":\"ReadAction\",\"target\":[\"https:\\\/\\\/www.centrespal.com\\\/leonor-martin-monge\\\/\"]}]},{\"@type\":\"ImageObject\",\"inLanguage\":\"es\",\"@id\":\"https:\\\/\\\/www.centrespal.com\\\/leonor-martin-monge\\\/#primaryimage\",\"url\":\"https:\\\/\\\/www.centrespal.com\\\/wp-content\\\/uploads\\\/seccio-leonor-martin.jpg\",\"contentUrl\":\"https:\\\/\\\/www.centrespal.com\\\/wp-content\\\/uploads\\\/seccio-leonor-martin.jpg\",\"width\":860,\"height\":600},{\"@type\":\"BreadcrumbList\",\"@id\":\"https:\\\/\\\/www.centrespal.com\\\/leonor-martin-monge\\\/#breadcrumb\",\"itemListElement\":[{\"@type\":\"ListItem\",\"position\":1,\"name\":\"Portada\",\"item\":\"https:\\\/\\\/www.centrespal.com\\\/es\\\/\"},{\"@type\":\"ListItem\",\"position\":2,\"name\":\"Leonor Mart\u00edn Monge\"}]},{\"@type\":\"WebSite\",\"@id\":\"https:\\\/\\\/www.centrespal.com\\\/#website\",\"url\":\"https:\\\/\\\/www.centrespal.com\\\/\",\"name\":\"Centre Spal - Leonor Mart\u00edn Monge\",\"description\":\"L&#039;art d&#039;estar millor\",\"potentialAction\":[{\"@type\":\"SearchAction\",\"target\":{\"@type\":\"EntryPoint\",\"urlTemplate\":\"https:\\\/\\\/www.centrespal.com\\\/?s={search_term_string}\"},\"query-input\":{\"@type\":\"PropertyValueSpecification\",\"valueRequired\":true,\"valueName\":\"search_term_string\"}}],\"inLanguage\":\"es\"}]}<\/script>\n<!-- \/ Yoast SEO plugin. -->","yoast_head_json":{"title":"Leonor Mart\u00edn Monge - medicina natural y tratamiento hol\u00edstico - Centro SPAL","description":"Leonor Mart\u00edn Monge, m\u00e1s de 35 a\u00f1os en el \u00e1mbito de la medicina natural y el tratamiento hol\u00edstico del paciente. Gran experiencia, conocimiento y solidez.","robots":{"index":"index","follow":"follow","max-snippet":"max-snippet:-1","max-image-preview":"max-image-preview:large","max-video-preview":"max-video-preview:-1"},"canonical":"https:\/\/www.centrespal.com\/leonor-martin-monge\/","og_locale":"es_ES","og_type":"article","og_title":"Leonor Mart\u00edn Monge - medicina natural y tratamiento hol\u00edstico - Centro SPAL","og_description":"Leonor Mart\u00edn Monge, m\u00e1s de 35 a\u00f1os en el \u00e1mbito de la medicina natural y el tratamiento hol\u00edstico del paciente. Gran experiencia, conocimiento y solidez.","og_url":"https:\/\/www.centrespal.com\/leonor-martin-monge\/","og_site_name":"Centre Spal - Leonor Mart\u00edn Monge","article_modified_time":"2017-11-09T14:51:10+00:00","og_image":[{"width":860,"height":600,"url":"https:\/\/www.centrespal.com\/wp-content\/uploads\/seccio-leonor-martin.jpg","type":"image\/jpeg"}],"twitter_card":"summary_large_image","twitter_misc":{"Tiempo de lectura":"3 minutos"},"schema":{"@context":"https:\/\/schema.org","@graph":[{"@type":"WebPage","@id":"https:\/\/www.centrespal.com\/leonor-martin-monge\/","url":"https:\/\/www.centrespal.com\/leonor-martin-monge\/","name":"Leonor Mart\u00edn Monge - medicina natural y tratamiento hol\u00edstico - Centro SPAL","isPartOf":{"@id":"https:\/\/www.centrespal.com\/#website"},"primaryImageOfPage":{"@id":"https:\/\/www.centrespal.com\/leonor-martin-monge\/#primaryimage"},"image":{"@id":"https:\/\/www.centrespal.com\/leonor-martin-monge\/#primaryimage"},"thumbnailUrl":"https:\/\/www.centrespal.com\/wp-content\/uploads\/seccio-leonor-martin.jpg","datePublished":"2016-02-19T09:25:21+00:00","dateModified":"2017-11-09T14:51:10+00:00","description":"Leonor Mart\u00edn Monge, m\u00e1s de 35 a\u00f1os en el \u00e1mbito de la medicina natural y el tratamiento hol\u00edstico del paciente. Gran experiencia, conocimiento y solidez.","breadcrumb":{"@id":"https:\/\/www.centrespal.com\/leonor-martin-monge\/#breadcrumb"},"inLanguage":"es","potentialAction":[{"@type":"ReadAction","target":["https:\/\/www.centrespal.com\/leonor-martin-monge\/"]}]},{"@type":"ImageObject","inLanguage":"es","@id":"https:\/\/www.centrespal.com\/leonor-martin-monge\/#primaryimage","url":"https:\/\/www.centrespal.com\/wp-content\/uploads\/seccio-leonor-martin.jpg","contentUrl":"https:\/\/www.centrespal.com\/wp-content\/uploads\/seccio-leonor-martin.jpg","width":860,"height":600},{"@type":"BreadcrumbList","@id":"https:\/\/www.centrespal.com\/leonor-martin-monge\/#breadcrumb","itemListElement":[{"@type":"ListItem","position":1,"name":"Portada","item":"https:\/\/www.centrespal.com\/es\/"},{"@type":"ListItem","position":2,"name":"Leonor Mart\u00edn Monge"}]},{"@type":"WebSite","@id":"https:\/\/www.centrespal.com\/#website","url":"https:\/\/www.centrespal.com\/","name":"Centre Spal - Leonor Mart\u00edn Monge","description":"L&#039;art d&#039;estar millor","potentialAction":[{"@type":"SearchAction","target":{"@type":"EntryPoint","urlTemplate":"https:\/\/www.centrespal.com\/?s={search_term_string}"},"query-input":{"@type":"PropertyValueSpecification","valueRequired":true,"valueName":"search_term_string"}}],"inLanguage":"es"}]}},"_links":{"self":[{"href":"https:\/\/www.centrespal.com\/es\/wp-json\/wp\/v2\/pages\/2212","targetHints":{"allow":["GET"]}}],"collection":[{"href":"https:\/\/www.centrespal.com\/es\/wp-json\/wp\/v2\/pages"}],"about":[{"href":"https:\/\/www.centrespal.com\/es\/wp-json\/wp\/v2\/types\/page"}],"author":[{"embeddable":true,"href":"https:\/\/www.centrespal.com\/es\/wp-json\/wp\/v2\/users\/8"}],"replies":[{"embeddable":true,"href":"https:\/\/www.centrespal.com\/es\/wp-json\/wp\/v2\/comments?post=2212"}],"version-history":[{"count":4,"href":"https:\/\/www.centrespal.com\/es\/wp-json\/wp\/v2\/pages\/2212\/revisions"}],"predecessor-version":[{"id":3114,"href":"https:\/\/www.centrespal.com\/es\/wp-json\/wp\/v2\/pages\/2212\/revisions\/3114"}],"wp:featuredmedia":[{"embeddable":true,"href":"https:\/\/www.centrespal.com\/es\/wp-json\/wp\/v2\/media\/996"}],"wp:attachment":[{"href":"https:\/\/www.centrespal.com\/es\/wp-json\/wp\/v2\/media?parent=2212"}],"curies":[{"name":"wp","href":"https:\/\/api.w.org\/{rel}","templated":true}]}}