{"id":2238,"date":"2016-08-09T14:46:40","date_gmt":"2016-08-09T14:46:40","guid":{"rendered":"http:\/\/www.centrespal.com\/es\/terapia-nutricional\/"},"modified":"2017-01-16T19:37:10","modified_gmt":"2017-01-16T17:37:10","slug":"terapia-nutricional","status":"publish","type":"page","link":"https:\/\/www.centrespal.com\/es\/terapia-nutricional\/","title":{"rendered":"Terapia Nutricional"},"content":{"rendered":"<div class=\"wpb-content-wrapper\"><p>[vc_row full_width=\u00bb0&#8243; full_height=\u00bb0&#8243; particles=\u00bb0&#8243; css=\u00bb.vc_custom_1457512674147{padding-bottom: 96px !important;}\u00bb][vc_column][vc_empty_space height=\u00bb64px\u00bb][\/vc_column][vc_column width=\u00bb1\/2&#8243;][vc_column_text]La terapia nutricional est\u00e1 destinada a <strong>depurar el organismo, reducir las toxinas que se acumulan al cuerpo y recuperar las funciones celulares.<\/strong><\/p>\n<p>Personalizada en funci\u00f3n de las caracter\u00edsticas y necesidades de cada persona: constituci\u00f3n y grupo sangu\u00edneo, disparos psicoemocionales, etc.<\/p>\n<p>Incluye formaci\u00f3n en consulta sobre las propiedades curatives de los alimentos. Un aprendizaje para nutrirse, prevenir y disfrutar de una vida m\u00e1s saludable.[\/vc_column_text][vc_row_inner][vc_column_inner width=\u00bb1\/2&#8243;][vc_column_text][\/vc_column_text][\/vc_column_inner][vc_column_inner width=\u00bb1\/2&#8243;][vc_column_text][\/vc_column_text][\/vc_column_inner][\/vc_row_inner][\/vc_column][vc_column width=\u00bb1\/2&#8243;]<div class=\"pl_fixed_ratio_media  \">\n    <div class=\"stretchy_wrapper ratio_16-9   bg_vtop\" style=\"background-image: url('https:\/\/www.centrespal.com\/wp-content\/uploads\/12.jpg');\">\n      <img decoding=\"async\" alt=\"\" src=\"https:\/\/www.centrespal.com\/wp-content\/uploads\/12.jpg\">\n    <\/div>\n\n<\/div>[vc_empty_space]<div class=\"section_header subtitle_bottom   fancy text-center\">\n\n    <h3>Tienes dudas o preguntas sobre la terapia nutricional? Escr\u00edbenos y nos pondremos con contacto contigo<\/h3>\n\n\n        <p ><\/p>\n<\/div>\n<div class=\"wpcf7 no-js\" id=\"wpcf7-f2562-o1\" lang=\"en-US\" dir=\"ltr\" data-wpcf7-id=\"2562\">\n<div class=\"screen-reader-response\"><p role=\"status\" aria-live=\"polite\" aria-atomic=\"true\"><\/p> <ul><\/ul><\/div>\n<form action=\"\/es\/wp-json\/wp\/v2\/pages\/2238#wpcf7-f2562-o1\" method=\"post\" class=\"wpcf7-form init\" aria-label=\"Contact form\" novalidate=\"novalidate\" data-status=\"init\">\n<fieldset class=\"hidden-fields-container\"><input type=\"hidden\" name=\"_wpcf7\" value=\"2562\" \/><input type=\"hidden\" name=\"_wpcf7_version\" value=\"6.1.4\" \/><input type=\"hidden\" name=\"_wpcf7_locale\" value=\"en_US\" \/><input type=\"hidden\" name=\"_wpcf7_unit_tag\" value=\"wpcf7-f2562-o1\" \/><input type=\"hidden\" name=\"_wpcf7_container_post\" value=\"0\" \/><input type=\"hidden\" name=\"_wpcf7_posted_data_hash\" value=\"\" \/><input type=\"hidden\" name=\"_wpcf7_recaptcha_response\" value=\"\" \/>\n<\/fieldset>\n<div class=\"row\">\n\t<div class=\"col-sm-12\">\n\t\t<p><span class=\"wpcf7-form-control-wrap\" data-name=\"nombre\"><input size=\"40\" maxlength=\"400\" class=\"wpcf7-form-control wpcf7-form-control form-control wpcf7-validates-as-required name\" aria-required=\"true\" aria-invalid=\"false\" placeholder=\"Nombre y Apellidos\" value=\"\" type=\"text\" name=\"nombre\" \/><\/span>\n\t\t<\/p>\n\t<\/div>\n\t<div class=\"col-sm-6\">\n\t\t<p><span class=\"wpcf7-form-control-wrap\" data-name=\"birthdate\"><input size=\"40\" maxlength=\"400\" class=\"wpcf7-form-control wpcf7-form-control form-control name\" aria-invalid=\"false\" placeholder=\"Fecha de Nacimiento\" value=\"\" type=\"text\" name=\"birthdate\" \/><\/span>\n\t\t<\/p>\n\t<\/div>\n\t<div class=\"col-sm-6\">\n\t\t<p><span class=\"wpcf7-form-control-wrap\" data-name=\"sex\"><select class=\"wpcf7-form-control wpcf7-select sex\" aria-invalid=\"false\" name=\"sex\"><option value=\"Sexo\">Sexo<\/option><option value=\"Dona\">Dona<\/option><option value=\"Home\">Home<\/option><\/select><\/span>\n\t\t<\/p>\n\t<\/div>\n\t<div class=\"col-sm-12\">\n\t\t<p><span class=\"wpcf7-form-control-wrap\" data-name=\"telephone\"><input size=\"40\" maxlength=\"400\" class=\"wpcf7-form-control wpcf7-form-control form-control wpcf7-validates-as-required name\" aria-required=\"true\" aria-invalid=\"false\" placeholder=\"Tel\u00e9fono\" value=\"\" type=\"text\" name=\"telephone\" \/><\/span>\n\t\t<\/p>\n\t<\/div>\n\t<div class=\"col-sm-12\">\n\t\t<p><span class=\"wpcf7-form-control-wrap\" data-name=\"email\"><input size=\"40\" maxlength=\"400\" class=\"wpcf7-form-control wpcf7-form-control form-control wpcf7-validates-as-required wpcf7-form-control form-control wpcf7-validates-as-email email\" aria-required=\"true\" aria-invalid=\"false\" placeholder=\"E-mail\" value=\"\" type=\"email\" name=\"email\" \/><\/span>\n\t\t<\/p>\n\t<\/div>\n\t<div class=\"col-sm-12\">\n\t\t<p><span class=\"wpcf7-form-control-wrap\" data-name=\"message\"><textarea cols=\"40\" rows=\"4\" maxlength=\"2000\" class=\"wpcf7-form-control wpcf7-form-control wpcf7-form-control form-control message\" aria-invalid=\"false\" placeholder=\"Comentarios\" name=\"message\"><\/textarea><\/span>\n\t\t<\/p>\n\t<\/div>\n\t<div class=\"col-sm-12\">\n\t\t<p><span class=\"wpcf7-form-control-wrap\" data-name=\"your-consent\"><span class=\"wpcf7-form-control wpcf7-acceptance\"><span class=\"wpcf7-list-item\"><label><input type=\"checkbox\" name=\"your-consent\" value=\"1\" aria-invalid=\"false\" \/><span class=\"wpcf7-list-item-label\">He le\u00eddo y acepto la <a href=\"\/politica-de-privacidad\">pol\u00edtica de privacidad<\/a>.<\/span><\/label><\/span><\/span><\/span>\n\t\t<\/p>\n\t<\/div>\n\t<div class=\"col-sm-12\">\n\t\t<p><input class=\"wpcf7-form-control wpcf7-submit btn btn-primary has-spinner\" type=\"submit\" value=\"Enviar\" \/>\n\t\t<\/p>\n\t<\/div>\n<\/div><div class=\"wpcf7-response-output\" aria-hidden=\"true\"><\/div>\n<\/form>\n<\/div>\n[\/vc_column][\/vc_row][vc_row color_set=\u00bblight_section\u00bb full_width=\u00bb0&#8243; full_height=\u00bb0&#8243; sep_bottom=\u00bbseparator_bottom sep_angled_positive_bottom\u00bb particles=\u00bb0&#8243; css=\u00bb.vc_custom_1470751805159{padding-top: 96px !important;padding-bottom: 64px !important;}\u00bb][vc_column width=\u00bb2\/3&#8243; offset=\u00bbvc_col-sm-offset-2&#8243;][vc_column_text]<\/p>\n<h3 style=\"text-align: center;\">Terapias de limpieza y depuraci\u00f3n del organismo.<\/h3>\n<p>[\/vc_column_text][\/vc_column][\/vc_row][vc_row color_set=\u00bbblack_section\u00bb full_width=\u00bb0&#8243; full_height=\u00bb0&#8243; background=\u00bbbgimage\u00bb bgimage=\u00bb823&#8243; parallax=\u00bb1&#8243;][vc_column]<div class=\"section_header subtitle_bottom   fancy text-center\">\n\n    <h2><\/h2>\n\n\n        <p ><\/p>\n<\/div>[\/vc_column][\/vc_row]<\/p>\n<\/div>","protected":false},"excerpt":{"rendered":"<p>[vc_row full_width=\u00bb0&#8243; full_height=\u00bb0&#8243; particles=\u00bb0&#8243; css=\u00bb.vc_custom_1457512674147{padding-bottom: 96px !important;}\u00bb][vc_column][vc_empty_space height=\u00bb64px\u00bb][\/vc_column][vc_column width=\u00bb1\/2&#8243;][vc_column_text]La terapia nutricional est\u00e1 destinada a depurar el organismo, reducir las toxinas que se acumulan al cuerpo y recuperar las funciones celulares. Personalizada en funci\u00f3n de las caracter\u00edsticas y necesidades de cada persona: constituci\u00f3n y grupo sangu\u00edneo, disparos psicoemocionales, etc. Incluye formaci\u00f3n en consulta sobre las propiedades [&hellip;]<\/p>\n","protected":false},"author":8,"featured_media":0,"parent":0,"menu_order":0,"comment_status":"closed","ping_status":"closed","template":"","meta":{"footnotes":""},"class_list":["post-2238","page","type-page","status-publish","hentry"],"_links":{"self":[{"href":"https:\/\/www.centrespal.com\/es\/wp-json\/wp\/v2\/pages\/2238","targetHints":{"allow":["GET"]}}],"collection":[{"href":"https:\/\/www.centrespal.com\/es\/wp-json\/wp\/v2\/pages"}],"about":[{"href":"https:\/\/www.centrespal.com\/es\/wp-json\/wp\/v2\/types\/page"}],"author":[{"embeddable":true,"href":"https:\/\/www.centrespal.com\/es\/wp-json\/wp\/v2\/users\/8"}],"replies":[{"embeddable":true,"href":"https:\/\/www.centrespal.com\/es\/wp-json\/wp\/v2\/comments?post=2238"}],"version-history":[{"count":3,"href":"https:\/\/www.centrespal.com\/es\/wp-json\/wp\/v2\/pages\/2238\/revisions"}],"predecessor-version":[{"id":2579,"href":"https:\/\/www.centrespal.com\/es\/wp-json\/wp\/v2\/pages\/2238\/revisions\/2579"}],"wp:attachment":[{"href":"https:\/\/www.centrespal.com\/es\/wp-json\/wp\/v2\/media?parent=2238"}],"curies":[{"name":"wp","href":"https:\/\/api.w.org\/{rel}","templated":true}]}}