{"id":6383,"date":"2018-09-14T11:22:11","date_gmt":"2018-09-14T09:22:11","guid":{"rendered":"http:\/\/www.centrespal.com\/cursos-y-monograficos\/"},"modified":"2018-11-21T21:36:41","modified_gmt":"2018-11-21T19:36:41","slug":"cursos-y-monograficos","status":"publish","type":"page","link":"https:\/\/www.centrespal.com\/es\/cursos-y-monograficos\/","title":{"rendered":"Cursos y Monogr\u00e1ficos"},"content":{"rendered":"<div class=\"wpb-content-wrapper\"><p>[vc_row][vc_column width=\u00bb1\/2&#8243;]<div class=\"section_header subtitle_bottom   fancy text-left\">\n\n    <h2><span style=\"color: #ff6600;\">CURSOS<\/span><\/h2>\n\n\n        <p ><\/p>\n<\/div>[vc_column_text]<\/p>\n<h2>LA INTUICI\u00d3N:<\/h2>\n<ul>\n<li>\u00bfHaces caso a tu intuici\u00f3n?<\/li>\n<li>Valoraci\u00f3n de la forma de saber como generas tu propia enfermedad d<\/li>\n<\/ul>\n<p>Te presentamos este curso orientado a cualquier persona que quiera saber y trabajarse sus propias sensaciones.<\/p>\n<p>Duraci\u00f3n del curs:\u00a0 octubre &#8211; junio<\/p>\n<p>Horario: viernes tarde y s\u00e1bado ma\u00f1ana y tarde, una vez al mes<\/p>\n<p>Precio: 179\u20ac \/ mes<\/p>\n<p>&nbsp;<\/p>\n<p>Despu\u00e9s del \u00e9xito del mes pasado, continuamos con el pr\u00f3ximo encuentro del <strong>Curso de la Intuici\u00f3n.<\/strong><\/p>\n<p><strong>30 de NOVIEMBRE de 16 &#8211; 20h<\/strong><br \/>\n<strong>01 de DICIMBRE de 10 &#8211; 14h i de 16 &#8211; 20h<\/strong><\/p>\n<p>Te animamos a unirte i a aprender a conectar i desarrollar tu intuici\u00f3n.<\/p>\n<p>Impartido por <strong>Leonor Mart\u00edn<\/strong> (Diplomada en enfermer\u00eda i Postgrado en Medicina Naturista)<\/p>\n<p>Confirma tu asistencia\u00a0 llamando al 93-754.02.22 o escribiendo a info@centrespal.com[\/vc_column_text][\/vc_column][vc_column width=\u00bb1\/2&#8243;][vc_empty_space height=\u00bb120px\u00bb][vc_single_image image=\u00bb7052&#8243; img_size=\u00bb600&#215;450&#8243;][\/vc_column][vc_column][vc_empty_space height=\u00bb64px\u00bb]<div class=\"section_header subtitle_bottom   fancy text-center\">\n\n    <h3>Si est\u00e1s interesado y quieres estar informado de los monogr\u00e1ficos que haremos<\/h3>\n<h3>rellena el siguiente formulario y nos pondremos en contacto contigo<\/h3>\n\n\n        <p ><\/p>\n<\/div>\n<div class=\"wpcf7 no-js\" id=\"wpcf7-f2562-o1\" lang=\"en-US\" dir=\"ltr\" data-wpcf7-id=\"2562\">\n<div class=\"screen-reader-response\"><p role=\"status\" aria-live=\"polite\" aria-atomic=\"true\"><\/p> <ul><\/ul><\/div>\n<form action=\"\/es\/wp-json\/wp\/v2\/pages\/6383#wpcf7-f2562-o1\" method=\"post\" class=\"wpcf7-form init\" aria-label=\"Contact form\" novalidate=\"novalidate\" data-status=\"init\">\n<fieldset class=\"hidden-fields-container\"><input type=\"hidden\" name=\"_wpcf7\" value=\"2562\" \/><input type=\"hidden\" name=\"_wpcf7_version\" value=\"6.1.4\" \/><input type=\"hidden\" name=\"_wpcf7_locale\" value=\"en_US\" \/><input type=\"hidden\" name=\"_wpcf7_unit_tag\" value=\"wpcf7-f2562-o1\" \/><input type=\"hidden\" name=\"_wpcf7_container_post\" value=\"0\" \/><input type=\"hidden\" name=\"_wpcf7_posted_data_hash\" value=\"\" \/><input type=\"hidden\" name=\"_wpcf7_recaptcha_response\" value=\"\" \/>\n<\/fieldset>\n<div class=\"row\">\n\t<div class=\"col-sm-12\">\n\t\t<p><span class=\"wpcf7-form-control-wrap\" data-name=\"nombre\"><input size=\"40\" maxlength=\"400\" class=\"wpcf7-form-control wpcf7-form-control form-control wpcf7-validates-as-required name\" aria-required=\"true\" aria-invalid=\"false\" placeholder=\"Nombre y Apellidos\" value=\"\" type=\"text\" name=\"nombre\" \/><\/span>\n\t\t<\/p>\n\t<\/div>\n\t<div class=\"col-sm-6\">\n\t\t<p><span class=\"wpcf7-form-control-wrap\" data-name=\"birthdate\"><input size=\"40\" maxlength=\"400\" class=\"wpcf7-form-control wpcf7-form-control form-control name\" aria-invalid=\"false\" placeholder=\"Fecha de Nacimiento\" value=\"\" type=\"text\" name=\"birthdate\" \/><\/span>\n\t\t<\/p>\n\t<\/div>\n\t<div class=\"col-sm-6\">\n\t\t<p><span class=\"wpcf7-form-control-wrap\" data-name=\"sex\"><select class=\"wpcf7-form-control wpcf7-select sex\" aria-invalid=\"false\" name=\"sex\"><option value=\"Sexo\">Sexo<\/option><option value=\"Dona\">Dona<\/option><option value=\"Home\">Home<\/option><\/select><\/span>\n\t\t<\/p>\n\t<\/div>\n\t<div class=\"col-sm-12\">\n\t\t<p><span class=\"wpcf7-form-control-wrap\" data-name=\"telephone\"><input size=\"40\" maxlength=\"400\" class=\"wpcf7-form-control wpcf7-form-control form-control wpcf7-validates-as-required name\" aria-required=\"true\" aria-invalid=\"false\" placeholder=\"Tel\u00e9fono\" value=\"\" type=\"text\" name=\"telephone\" \/><\/span>\n\t\t<\/p>\n\t<\/div>\n\t<div class=\"col-sm-12\">\n\t\t<p><span class=\"wpcf7-form-control-wrap\" data-name=\"email\"><input size=\"40\" maxlength=\"400\" class=\"wpcf7-form-control wpcf7-form-control form-control wpcf7-validates-as-required wpcf7-form-control form-control wpcf7-validates-as-email email\" aria-required=\"true\" aria-invalid=\"false\" placeholder=\"E-mail\" value=\"\" type=\"email\" name=\"email\" \/><\/span>\n\t\t<\/p>\n\t<\/div>\n\t<div class=\"col-sm-12\">\n\t\t<p><span class=\"wpcf7-form-control-wrap\" data-name=\"message\"><textarea cols=\"40\" rows=\"4\" maxlength=\"2000\" class=\"wpcf7-form-control wpcf7-form-control wpcf7-form-control form-control message\" aria-invalid=\"false\" placeholder=\"Comentarios\" name=\"message\"><\/textarea><\/span>\n\t\t<\/p>\n\t<\/div>\n\t<div class=\"col-sm-12\">\n\t\t<p><span class=\"wpcf7-form-control-wrap\" data-name=\"your-consent\"><span class=\"wpcf7-form-control wpcf7-acceptance\"><span class=\"wpcf7-list-item\"><label><input type=\"checkbox\" name=\"your-consent\" value=\"1\" aria-invalid=\"false\" \/><span class=\"wpcf7-list-item-label\">He le\u00eddo y acepto la <a href=\"\/politica-de-privacidad\">pol\u00edtica de privacidad<\/a>.<\/span><\/label><\/span><\/span><\/span>\n\t\t<\/p>\n\t<\/div>\n\t<div class=\"col-sm-12\">\n\t\t<p><input class=\"wpcf7-form-control wpcf7-submit btn btn-primary has-spinner\" type=\"submit\" value=\"Enviar\" \/>\n\t\t<\/p>\n\t<\/div>\n<\/div><div class=\"wpcf7-response-output\" aria-hidden=\"true\"><\/div>\n<\/form>\n<\/div>\n[\/vc_column][\/vc_row][vc_row color_set=\u00bbsecondary_section\u00bb full_width=\u00bb0&#8243; full_height=\u00bb0&#8243; sep_bottom=\u00bbseparator_bottom sep_angled_positive_bottom\u00bb particles=\u00bb0&#8243;][vc_column width=\u00bb2\/3&#8243; heading_align=\u00bbtext-center\u00bb align=\u00bbtext-center\u00bb offset=\u00bbvc_col-sm-offset-2&#8243;][vc_column_text]<\/p>\n<h2 style=\"text-align: center;\">M\u00e9todos, T\u00e9cnicas y Ter\u00e1pias<\/h2>\n<p>pera un equilibrio f\u00edsico y emocional.[\/vc_column_text][\/vc_column][\/vc_row][vc_row color_set=\u00bbblack_section\u00bb full_width=\u00bb0&#8243; full_height=\u00bb0&#8243; background=\u00bbbgimage\u00bb bgimage=\u00bb2725&#8243; parallax=\u00bb1&#8243;][vc_column]<div class=\"section_header subtitle_bottom   fancy text-center\">\n\n    \n\n        <p ><\/p>\n<\/div>[\/vc_column][\/vc_row]<\/p>\n<\/div>","protected":false},"excerpt":{"rendered":"<p>[vc_row][vc_column width=\u00bb1\/2&#8243;][vc_column_text] LA INTUICI\u00d3N: \u00bfHaces caso a tu intuici\u00f3n? Valoraci\u00f3n de la forma de saber como generas tu propia enfermedad d Te presentamos este curso orientado a cualquier persona que quiera saber y trabajarse sus propias sensaciones. Duraci\u00f3n del curs:\u00a0 octubre &#8211; junio Horario: viernes tarde y s\u00e1bado ma\u00f1ana y tarde, una vez al mes [&hellip;]<\/p>\n","protected":false},"author":8,"featured_media":0,"parent":0,"menu_order":0,"comment_status":"closed","ping_status":"closed","template":"","meta":{"footnotes":""},"class_list":["post-6383","page","type-page","status-publish","hentry"],"_links":{"self":[{"href":"https:\/\/www.centrespal.com\/es\/wp-json\/wp\/v2\/pages\/6383","targetHints":{"allow":["GET"]}}],"collection":[{"href":"https:\/\/www.centrespal.com\/es\/wp-json\/wp\/v2\/pages"}],"about":[{"href":"https:\/\/www.centrespal.com\/es\/wp-json\/wp\/v2\/types\/page"}],"author":[{"embeddable":true,"href":"https:\/\/www.centrespal.com\/es\/wp-json\/wp\/v2\/users\/8"}],"replies":[{"embeddable":true,"href":"https:\/\/www.centrespal.com\/es\/wp-json\/wp\/v2\/comments?post=6383"}],"version-history":[{"count":14,"href":"https:\/\/www.centrespal.com\/es\/wp-json\/wp\/v2\/pages\/6383\/revisions"}],"predecessor-version":[{"id":7056,"href":"https:\/\/www.centrespal.com\/es\/wp-json\/wp\/v2\/pages\/6383\/revisions\/7056"}],"wp:attachment":[{"href":"https:\/\/www.centrespal.com\/es\/wp-json\/wp\/v2\/media?parent=6383"}],"curies":[{"name":"wp","href":"https:\/\/api.w.org\/{rel}","templated":true}]}}